{"id":978,"date":"2024-05-27T14:41:23","date_gmt":"2024-05-27T12:41:23","guid":{"rendered":"https:\/\/aumi.lt\/?page_id=978"},"modified":"2025-06-09T14:51:45","modified_gmt":"2025-06-09T12:51:45","slug":"bekeles-padangos-off-road-4x4","status":"publish","type":"page","link":"https:\/\/aumi.lt\/index.php\/bekeles-padangos-off-road-4x4\/","title":{"rendered":"Bekel\u0117s padangos (off-road \/ 4&#215;4)"},"content":{"rendered":"\n<p><strong>Bekel\u0117s padangos<\/strong> &#8211; padangos padidinto prava\u017eumo transporto priemon\u0117ms.<\/p>\n\n\n\n<h2 class=\"wp-block-heading\">Galime pasi\u016blyti plat\u0173 4&#215;4 padang\u0173 asortiment\u0105 ir galimyb\u0119 \u012fsigyti padangas pagal u\u017esakym\u0105<\/h2>\n\n\n\n<div class=\"wp-block-group is-vertical is-layout-flex wp-container-core-group-is-layout-8cf370e7 wp-block-group-is-layout-flex\">\n<p>Nepriklausomai nuo to, ar ruo\u0161iat\u0117s ekstremaliai off-road kelionei, ar tiesiog ie\u0161kote patikim\u0173 4&#215;4 padang\u0173 kasdieniam va\u017ein\u0117jimui \u2013 <strong>mes galime pasi\u016blyti b\u016btent tai, ko jums reikia:<\/strong><\/p>\n\n\n\n<p>\u2022 Plat\u0173 4&#215;4 padang\u0173 asortiment\u0105.<\/p>\n\n\n\n<p>\u2022 Galimyb\u0119 u\u017esakyti pagal individualius reikalavimus &#8211; jei nerandate tinkamo modelio, mes surasime!<\/p>\n\n\n\n<p>\u2022 Profesional\u0173 aptarnavim\u0105.<\/p>\n<\/div>\n\n\n\n<p>Nesvarbu, kok\u012f keli\u0105 renkat\u0117s \u2013 su m\u016bs\u0173 4&#215;4 padangomis J\u016bs va\u017eiuosite saugiai ir patogiai!<\/p>\n\n\n\n<p>Susisiekite su mumis \u2013 parinksime geriausi\u0105 variant\u0105 ir pasi\u016blysime padangas pagal j\u016bs\u0173 poreikius!<\/p>\n\n\n\n<div class=\"wp-block-buttons alignwide is-content-justification-center is-layout-flex wp-container-core-buttons-is-layout-16018d1d wp-block-buttons-is-layout-flex\">\n<div class=\"wp-block-button\"><a class=\"wp-block-button__link wp-element-button\" href=\"http:\/\/+37060365493\">+37060365493<\/a><\/div>\n\n\n\n<div class=\"wp-block-button\"><a class=\"wp-block-button__link wp-element-button\" href=\"https:\/\/www.facebook.com\/aumipadangos\/\">FACEBOOK<\/a><\/div>\n\n\n\n<div class=\"wp-block-button\"><a class=\"wp-block-button__link wp-element-button\" href=\"mailto:aumipadangos@gmail.com\">aumipadangos@gmail.com<\/a><\/div>\n<\/div>\n\n\n\n<figure class=\"wp-block-gallery alignwide has-nested-images columns-default is-cropped wp-block-gallery-1 is-layout-flex wp-block-gallery-is-layout-flex\">\n<figure class=\"wp-block-image size-large\"><img loading=\"lazy\" decoding=\"async\" width=\"768\" height=\"1024\" data-id=\"1154\" src=\"https:\/\/aumi.lt\/wp-content\/uploads\/2025\/06\/IMG_3950-768x1024.jpeg\" alt=\"\" class=\"wp-image-1154\" srcset=\"https:\/\/aumi.lt\/wp-content\/uploads\/2025\/06\/IMG_3950-768x1024.jpeg 768w, https:\/\/aumi.lt\/wp-content\/uploads\/2025\/06\/IMG_3950-225x300.jpeg 225w, https:\/\/aumi.lt\/wp-content\/uploads\/2025\/06\/IMG_3950-1152x1536.jpeg 1152w, https:\/\/aumi.lt\/wp-content\/uploads\/2025\/06\/IMG_3950-1200x1600.jpeg 1200w, https:\/\/aumi.lt\/wp-content\/uploads\/2025\/06\/IMG_3950.jpeg 1536w\" sizes=\"auto, (max-width: 768px) 100vw, 768px\" \/><\/figure>\n\n\n\n<figure class=\"wp-block-image size-large\"><img loading=\"lazy\" decoding=\"async\" width=\"929\" height=\"1024\" data-id=\"1162\" src=\"https:\/\/aumi.lt\/wp-content\/uploads\/2025\/06\/IMG_3949-929x1024.jpeg\" alt=\"\" class=\"wp-image-1162\" srcset=\"https:\/\/aumi.lt\/wp-content\/uploads\/2025\/06\/IMG_3949-929x1024.jpeg 929w, https:\/\/aumi.lt\/wp-content\/uploads\/2025\/06\/IMG_3949-272x300.jpeg 272w, https:\/\/aumi.lt\/wp-content\/uploads\/2025\/06\/IMG_3949-768x847.jpeg 768w, https:\/\/aumi.lt\/wp-content\/uploads\/2025\/06\/IMG_3949-1394x1536.jpeg 1394w, https:\/\/aumi.lt\/wp-content\/uploads\/2025\/06\/IMG_3949-1200x1323.jpeg 1200w, https:\/\/aumi.lt\/wp-content\/uploads\/2025\/06\/IMG_3949.jpeg 1858w\" sizes=\"auto, (max-width: 929px) 100vw, 929px\" \/><\/figure>\n\n\n\n<figure class=\"wp-block-image size-large\"><img loading=\"lazy\" decoding=\"async\" width=\"768\" height=\"1024\" data-id=\"1159\" src=\"https:\/\/aumi.lt\/wp-content\/uploads\/2025\/06\/IMG_3948-768x1024.jpeg\" alt=\"\" class=\"wp-image-1159\" srcset=\"https:\/\/aumi.lt\/wp-content\/uploads\/2025\/06\/IMG_3948-768x1024.jpeg 768w, https:\/\/aumi.lt\/wp-content\/uploads\/2025\/06\/IMG_3948-225x300.jpeg 225w, https:\/\/aumi.lt\/wp-content\/uploads\/2025\/06\/IMG_3948-1152x1536.jpeg 1152w, https:\/\/aumi.lt\/wp-content\/uploads\/2025\/06\/IMG_3948-1200x1600.jpeg 1200w, https:\/\/aumi.lt\/wp-content\/uploads\/2025\/06\/IMG_3948.jpeg 1536w\" sizes=\"auto, (max-width: 768px) 100vw, 768px\" \/><\/figure>\n\n\n\n<figure class=\"wp-block-image size-large\"><img loading=\"lazy\" decoding=\"async\" width=\"768\" height=\"1024\" data-id=\"1157\" src=\"https:\/\/aumi.lt\/wp-content\/uploads\/2025\/06\/IMG_3947-768x1024.jpeg\" alt=\"\" class=\"wp-image-1157\" srcset=\"https:\/\/aumi.lt\/wp-content\/uploads\/2025\/06\/IMG_3947-768x1024.jpeg 768w, https:\/\/aumi.lt\/wp-content\/uploads\/2025\/06\/IMG_3947-225x300.jpeg 225w, https:\/\/aumi.lt\/wp-content\/uploads\/2025\/06\/IMG_3947.jpeg 1024w\" sizes=\"auto, (max-width: 768px) 100vw, 768px\" \/><\/figure>\n\n\n\n<figure class=\"wp-block-image size-large\"><img loading=\"lazy\" decoding=\"async\" width=\"1024\" height=\"1024\" data-id=\"1155\" src=\"https:\/\/aumi.lt\/wp-content\/uploads\/2025\/06\/IMG_3946.jpeg\" alt=\"\" class=\"wp-image-1155\" srcset=\"https:\/\/aumi.lt\/wp-content\/uploads\/2025\/06\/IMG_3946.jpeg 1024w, https:\/\/aumi.lt\/wp-content\/uploads\/2025\/06\/IMG_3946-300x300.jpeg 300w, https:\/\/aumi.lt\/wp-content\/uploads\/2025\/06\/IMG_3946-150x150.jpeg 150w, https:\/\/aumi.lt\/wp-content\/uploads\/2025\/06\/IMG_3946-768x768.jpeg 768w\" sizes=\"auto, (max-width: 1024px) 100vw, 1024px\" \/><\/figure>\n\n\n\n<figure class=\"wp-block-image size-large\"><img loading=\"lazy\" decoding=\"async\" width=\"768\" height=\"1024\" data-id=\"1160\" src=\"https:\/\/aumi.lt\/wp-content\/uploads\/2025\/06\/IMG_3945-768x1024.jpeg\" alt=\"\" class=\"wp-image-1160\" srcset=\"https:\/\/aumi.lt\/wp-content\/uploads\/2025\/06\/IMG_3945-768x1024.jpeg 768w, https:\/\/aumi.lt\/wp-content\/uploads\/2025\/06\/IMG_3945-225x300.jpeg 225w, https:\/\/aumi.lt\/wp-content\/uploads\/2025\/06\/IMG_3945-1152x1536.jpeg 1152w, https:\/\/aumi.lt\/wp-content\/uploads\/2025\/06\/IMG_3945-1200x1600.jpeg 1200w, https:\/\/aumi.lt\/wp-content\/uploads\/2025\/06\/IMG_3945.jpeg 1350w\" sizes=\"auto, (max-width: 768px) 100vw, 768px\" \/><\/figure>\n\n\n\n<figure class=\"wp-block-image size-large\"><img loading=\"lazy\" decoding=\"async\" width=\"767\" height=\"1024\" data-id=\"1161\" src=\"https:\/\/aumi.lt\/wp-content\/uploads\/2025\/06\/IMG_3944-767x1024.jpeg\" alt=\"\" class=\"wp-image-1161\" srcset=\"https:\/\/aumi.lt\/wp-content\/uploads\/2025\/06\/IMG_3944-767x1024.jpeg 767w, https:\/\/aumi.lt\/wp-content\/uploads\/2025\/06\/IMG_3944-225x300.jpeg 225w, https:\/\/aumi.lt\/wp-content\/uploads\/2025\/06\/IMG_3944-768x1026.jpeg 768w, https:\/\/aumi.lt\/wp-content\/uploads\/2025\/06\/IMG_3944-1150x1536.jpeg 1150w, https:\/\/aumi.lt\/wp-content\/uploads\/2025\/06\/IMG_3944-1200x1602.jpeg 1200w, https:\/\/aumi.lt\/wp-content\/uploads\/2025\/06\/IMG_3944.jpeg 1348w\" sizes=\"auto, (max-width: 767px) 100vw, 767px\" \/><\/figure>\n\n\n\n<figure class=\"wp-block-image size-large\"><img loading=\"lazy\" decoding=\"async\" width=\"1024\" height=\"864\" data-id=\"1163\" src=\"https:\/\/aumi.lt\/wp-content\/uploads\/2025\/06\/IMG_3943-1024x864.jpeg\" alt=\"\" class=\"wp-image-1163\" srcset=\"https:\/\/aumi.lt\/wp-content\/uploads\/2025\/06\/IMG_3943-1024x864.jpeg 1024w, https:\/\/aumi.lt\/wp-content\/uploads\/2025\/06\/IMG_3943-300x253.jpeg 300w, https:\/\/aumi.lt\/wp-content\/uploads\/2025\/06\/IMG_3943-768x648.jpeg 768w, https:\/\/aumi.lt\/wp-content\/uploads\/2025\/06\/IMG_3943-1536x1296.jpeg 1536w, https:\/\/aumi.lt\/wp-content\/uploads\/2025\/06\/IMG_3943-2048x1728.jpeg 2048w, https:\/\/aumi.lt\/wp-content\/uploads\/2025\/06\/IMG_3943-1200x1012.jpeg 1200w, https:\/\/aumi.lt\/wp-content\/uploads\/2025\/06\/IMG_3943-1980x1670.jpeg 1980w\" sizes=\"auto, (max-width: 1024px) 100vw, 1024px\" \/><\/figure>\n\n\n\n<figure class=\"wp-block-image size-large\"><img loading=\"lazy\" decoding=\"async\" width=\"631\" height=\"1024\" data-id=\"1158\" src=\"https:\/\/aumi.lt\/wp-content\/uploads\/2025\/06\/IMG_3942.jpeg\" alt=\"\" class=\"wp-image-1158\" srcset=\"https:\/\/aumi.lt\/wp-content\/uploads\/2025\/06\/IMG_3942.jpeg 631w, https:\/\/aumi.lt\/wp-content\/uploads\/2025\/06\/IMG_3942-185x300.jpeg 185w\" sizes=\"auto, (max-width: 631px) 100vw, 631px\" \/><\/figure>\n\n\n\n<figure class=\"wp-block-image size-large\"><img loading=\"lazy\" decoding=\"async\" width=\"1024\" height=\"768\" data-id=\"1156\" src=\"https:\/\/aumi.lt\/wp-content\/uploads\/2025\/06\/IMG_3941.jpeg\" alt=\"\" class=\"wp-image-1156\" srcset=\"https:\/\/aumi.lt\/wp-content\/uploads\/2025\/06\/IMG_3941.jpeg 1024w, https:\/\/aumi.lt\/wp-content\/uploads\/2025\/06\/IMG_3941-300x225.jpeg 300w, https:\/\/aumi.lt\/wp-content\/uploads\/2025\/06\/IMG_3941-768x576.jpeg 768w\" sizes=\"auto, (max-width: 1024px) 100vw, 1024px\" \/><\/figure>\n<\/figure>\n","protected":false},"excerpt":{"rendered":"<p>Bekel\u0117s padangos &#8211; padangos padidinto prava\u017eumo transporto priemon\u0117ms. Galime pasi\u016blyti plat\u0173 4&#215;4 padang\u0173 asortiment\u0105 ir galimyb\u0119 \u012fsigyti padangas pagal u\u017esakym\u0105 Nepriklausomai nuo to, ar ruo\u0161iat\u0117s ekstremaliai off-road kelionei, ar tiesiog ie\u0161kote patikim\u0173 4&#215;4 padang\u0173 kasdieniam va\u017ein\u0117jimui \u2013 mes galime pasi\u016blyti b\u016btent tai, ko jums reikia: \u2022 Plat\u0173 4&#215;4 padang\u0173 asortiment\u0105. \u2022 Galimyb\u0119 u\u017esakyti pagal individualius [&hellip;]<\/p>\n","protected":false},"author":3,"featured_media":0,"parent":0,"menu_order":0,"comment_status":"closed","ping_status":"closed","template":"","meta":{"om_disable_all_campaigns":false,"_monsterinsights_skip_tracking":false,"_monsterinsights_sitenote_active":false,"_monsterinsights_sitenote_note":"","_monsterinsights_sitenote_category":0,"footnotes":""},"class_list":["post-978","page","type-page","status-publish","hentry"],"aioseo_notices":[],"_links":{"self":[{"href":"https:\/\/aumi.lt\/index.php\/wp-json\/wp\/v2\/pages\/978","targetHints":{"allow":["GET"]}}],"collection":[{"href":"https:\/\/aumi.lt\/index.php\/wp-json\/wp\/v2\/pages"}],"about":[{"href":"https:\/\/aumi.lt\/index.php\/wp-json\/wp\/v2\/types\/page"}],"author":[{"embeddable":true,"href":"https:\/\/aumi.lt\/index.php\/wp-json\/wp\/v2\/users\/3"}],"replies":[{"embeddable":true,"href":"https:\/\/aumi.lt\/index.php\/wp-json\/wp\/v2\/comments?post=978"}],"version-history":[{"count":8,"href":"https:\/\/aumi.lt\/index.php\/wp-json\/wp\/v2\/pages\/978\/revisions"}],"predecessor-version":[{"id":1173,"href":"https:\/\/aumi.lt\/index.php\/wp-json\/wp\/v2\/pages\/978\/revisions\/1173"}],"wp:attachment":[{"href":"https:\/\/aumi.lt\/index.php\/wp-json\/wp\/v2\/media?parent=978"}],"curies":[{"name":"wp","href":"https:\/\/api.w.org\/{rel}","templated":true}]}}