{"id":97,"date":"2025-06-10T14:53:38","date_gmt":"2025-06-10T12:53:38","guid":{"rendered":"https:\/\/aumi.lt\/?page_id=97"},"modified":"2025-06-10T14:55:57","modified_gmt":"2025-06-10T12:55:57","slug":"apie-mus","status":"publish","type":"page","link":"https:\/\/aumi.lt\/index.php\/apie-mus\/","title":{"rendered":"Apie mus"},"content":{"rendered":"\n<p><strong>AuMi Padangos<\/strong> tai \u0161eimos verslas, kuris J\u016bs\u0173 kelion\u0119 padaro patikim\u0105<\/p>\n\n\n\n<p>\u0160eimos verslas AuMi Padangos jau daugel\u012f met\u0173 s\u0117kmingai teikia auk\u0161\u010diausios kokyb\u0117s padang\u0173 paslaugas, u\u017etikrindamas saugum\u0105 ir komfort\u0105 kiekvienam vairuotojui. Specializuojantis padang\u0173 pardavime, montavime, balansavime ir prie\u017ei\u016broje, \u201eAuMi\u201c yra sinonimas patikimumui ir profesionalumui.\u00a0<\/p>\n\n\n\n<div class=\"wp-block-group is-vertical is-layout-flex wp-container-core-group-is-layout-8cf370e7 wp-block-group-is-layout-flex\">\n<p><strong>Kod\u0117l rinktis \u201eAuMi Padangos\u201c?<\/strong><\/p>\n\n\n\n<p><strong>\u2022 \u0160eimos \u0161iluma ir individualus po\u017ei\u016bris<\/strong> &#8211; kiekvienas klientas \u010dia kaip \u0161eimos narys.<\/p>\n\n\n\n<p><strong>\u2022 Platus padang\u0173 asortimentas<\/strong> &#8211; nuo \u017eiemini\u0173 iki vasarini\u0173, \u012fvairi\u0173 gamintoj\u0173 ir kain\u0173 kategorij\u0173.<\/p>\n\n\n\n<p><strong>\u2022 Profesionalus montavimas ir technin\u0117 patikra<\/strong> &#8211; naudojama moderni \u012franga ir kokybi\u0161kos paslaugos.<\/p>\n\n\n\n<p><strong>\u2022 Patogios paslaugos<\/strong> &#8211; greitas aptarnavimas, padang\u0173 saugojimas sezonui ir konsultacijos.\u00a0<\/p>\n<\/div>\n\n\n\n<p>AuMi Padangos \u2013 tai ne tik verslas, bet ir \u0161eimos tradicija, kuri u\u017etikrina, kad j\u016bs\u0173 kelion\u0117s b\u016bt\u0173 saugios ir malonios. Apsilankykite ir \u012fsitikinkite patys!<\/p>\n","protected":false},"excerpt":{"rendered":"<p>AuMi Padangos tai \u0161eimos verslas, kuris J\u016bs\u0173 kelion\u0119 padaro patikim\u0105 \u0160eimos verslas AuMi Padangos jau daugel\u012f met\u0173 s\u0117kmingai teikia auk\u0161\u010diausios kokyb\u0117s padang\u0173 paslaugas, u\u017etikrindamas saugum\u0105 ir komfort\u0105 kiekvienam vairuotojui. Specializuojantis padang\u0173 pardavime, montavime, balansavime ir prie\u017ei\u016broje, \u201eAuMi\u201c yra sinonimas patikimumui ir profesionalumui.\u00a0 Kod\u0117l rinktis \u201eAuMi Padangos\u201c? \u2022 \u0160eimos \u0161iluma ir individualus po\u017ei\u016bris &#8211; kiekvienas klientas [&hellip;]<\/p>\n","protected":false},"author":3,"featured_media":1200,"parent":0,"menu_order":0,"comment_status":"closed","ping_status":"closed","template":"","meta":{"om_disable_all_campaigns":false,"_monsterinsights_skip_tracking":false,"_monsterinsights_sitenote_active":false,"_monsterinsights_sitenote_note":"","_monsterinsights_sitenote_category":0,"footnotes":""},"class_list":["post-97","page","type-page","status-publish","has-post-thumbnail","hentry"],"aioseo_notices":[],"_links":{"self":[{"href":"https:\/\/aumi.lt\/index.php\/wp-json\/wp\/v2\/pages\/97","targetHints":{"allow":["GET"]}}],"collection":[{"href":"https:\/\/aumi.lt\/index.php\/wp-json\/wp\/v2\/pages"}],"about":[{"href":"https:\/\/aumi.lt\/index.php\/wp-json\/wp\/v2\/types\/page"}],"author":[{"embeddable":true,"href":"https:\/\/aumi.lt\/index.php\/wp-json\/wp\/v2\/users\/3"}],"replies":[{"embeddable":true,"href":"https:\/\/aumi.lt\/index.php\/wp-json\/wp\/v2\/comments?post=97"}],"version-history":[{"count":3,"href":"https:\/\/aumi.lt\/index.php\/wp-json\/wp\/v2\/pages\/97\/revisions"}],"predecessor-version":[{"id":1202,"href":"https:\/\/aumi.lt\/index.php\/wp-json\/wp\/v2\/pages\/97\/revisions\/1202"}],"wp:featuredmedia":[{"embeddable":true,"href":"https:\/\/aumi.lt\/index.php\/wp-json\/wp\/v2\/media\/1200"}],"wp:attachment":[{"href":"https:\/\/aumi.lt\/index.php\/wp-json\/wp\/v2\/media?parent=97"}],"curies":[{"name":"wp","href":"https:\/\/api.w.org\/{rel}","templated":true}]}}