{"id":891,"date":"2024-05-14T16:25:49","date_gmt":"2024-05-14T14:25:49","guid":{"rendered":"https:\/\/aumi.lt\/?page_id=891"},"modified":"2024-07-29T15:59:46","modified_gmt":"2024-07-29T13:59:46","slug":"ratu-isnesimo-korektoriai-rastafkes-adapteriai","status":"publish","type":"page","link":"https:\/\/aumi.lt\/index.php\/ratu-isnesimo-korektoriai-rastafkes-adapteriai\/","title":{"rendered":"Rat\u0173 i\u0161ne\u0161imo korektoriai \u201erastafk\u0117s\u201c \/ adapteriai"},"content":{"rendered":"\n<figure class=\"wp-block-image size-large\"><img loading=\"lazy\" decoding=\"async\" width=\"1024\" height=\"576\" src=\"https:\/\/aumi.lt\/wp-content\/uploads\/2024\/07\/DSC08000-1024x576.jpeg\" alt=\"\" class=\"wp-image-1019\" srcset=\"https:\/\/aumi.lt\/wp-content\/uploads\/2024\/07\/DSC08000-1024x576.jpeg 1024w, https:\/\/aumi.lt\/wp-content\/uploads\/2024\/07\/DSC08000-300x169.jpeg 300w, https:\/\/aumi.lt\/wp-content\/uploads\/2024\/07\/DSC08000-768x432.jpeg 768w, https:\/\/aumi.lt\/wp-content\/uploads\/2024\/07\/DSC08000-1536x864.jpeg 1536w, https:\/\/aumi.lt\/wp-content\/uploads\/2024\/07\/DSC08000-2048x1152.jpeg 2048w, https:\/\/aumi.lt\/wp-content\/uploads\/2024\/07\/DSC08000-1200x675.jpeg 1200w, https:\/\/aumi.lt\/wp-content\/uploads\/2024\/07\/DSC08000-1980x1114.jpeg 1980w\" sizes=\"auto, (max-width: 1024px) 100vw, 1024px\" \/><\/figure>\n\n\n\n<p>Galime pasi\u016blyti plat\u0173 asortiment\u0105 rastafki\u0173\/adapteri\u0173 \u012fvairiems automobiliams. Klausti telefonu <a href=\"http:\/\/+37060365493\" title=\"+37060365493\">+37060365493<\/a> arba e-mail <a href=\"mailto:aumipadangos@gmail.com\">aumipadangos@gmail.com<\/a>.<\/p>\n\n\n\n<p>Paprastas b\u016bdas, kaip automobiliui suteikti daugiau \u0161armo ir net agresyvumo: kas yra Wheel Spacers, praplatinimo diskai ratams arba tiesiog \u201erastafk\u0117s\u201c &#8211; kokios b\u016bna, kaip montuojamos, kod\u0117l tokios svarbios?<\/p>\n\n\n\n<p>Jei vairuojate sportin\u012f automobil\u012f &#8211; tikriausiai esate gird\u0117j\u0119 apie Wheel Spacers. Net ir \u017eem\u0117s \u016bkio technikoje jie yra naudoji. Bet kas \u010dia per daiktai? Kam jie skirti? Kokius suteikia privalumus ir k\u0105 apie juos sako pirk\u0117jai? Apie visk\u0105 \u0161iame Wheel Spacers gide.<\/p>\n\n\n\n<p><strong>Kas yra Wheel Spacers?<\/strong><\/p>\n\n\n\n<p>Wheel Spacers: lietuvi\u0161kai tai skamb\u0117t\u0173 \u0161itaip &#8211; praplatinimo diskai ratams, ratlanki\u0173 i\u0161ne\u0161imo diskai, arba rat\u0173 i\u0161ne\u0161imo korektoriai\/platintojai.<\/p>\n\n\n\n<p>Jie, \u012fprastai, gali b\u016bti nuo 3 iki 23mm storio. Dyd\u017ei\u0173 pasirinkimas leid\u017eia ratus i\u0161stumti tiek, kiek norisi.<\/p>\n\n\n\n<p>Taip daro ne tik automobiliams, bet ir traktoriams, kad pastarieji tilpt\u0173 \u012f reikiamas v\u0117\u017ees arba tiesiog nenusiverst\u0173 dirbant ant sta\u010di\u0173 \u0161lait\u0173.<\/p>\n\n\n\n<p>Automobili\u0173 atveju da\u017eniausiai tai gro\u017eio reikalas ir netgi yra tam tikras modingo variantas. \u017dinoma, tai kei\u010dia ir automobilio charakteristikas, tod\u0117l kai kas tai atlieka ir i\u0161 praktini\u0173 sumetim\u0173.<\/p>\n\n\n\n<figure class=\"wp-block-embed is-type-video is-provider-youtube wp-block-embed-youtube wp-embed-aspect-16-9 wp-has-aspect-ratio\"><div class=\"wp-block-embed__wrapper\">\n<iframe loading=\"lazy\" title=\"Everything You Need to Know About Wheel Spacers \/\/ ARE THEY ACTUALLY SAFE?\" width=\"580\" height=\"326\" src=\"https:\/\/www.youtube.com\/embed\/xHqNxyI7hu4?feature=oembed\" frameborder=\"0\" allow=\"accelerometer; autoplay; clipboard-write; encrypted-media; gyroscope; picture-in-picture; web-share\" referrerpolicy=\"strict-origin-when-cross-origin\" allowfullscreen><\/iframe>\n<\/div><\/figure>\n\n\n\n<p><strong>Kaip praplatinimo diskai ratams padeda geriau valdyti automobil\u012f?<\/strong><\/p>\n\n\n\n<p>I\u0161pl\u0117sdami rat\u0173 poslink\u012f (ir stumdami ratus toliau nuo gamyklin\u0117s va\u017eiuokl\u0117s), praplatinimo diskai suma\u017eina k\u0117bulo svyravim\u0105. Tai padeda pagerinti padang\u0173 \u0161onin\u012f sukibim\u0105. Padangos apkraunamos tolygiau, o tai lemia geresn\u012f automobilio valdym\u0105 ir greitesn\u012f \u012fsib\u0117g\u0117jim\u0105 i\u0161va\u017eiuojant i\u0161 pos\u016bki\u0173. Visi \u0161ie privalumai pasiekiami nekei\u010diant padangos dyd\u017eio.<\/p>\n\n\n\n<p>Puikus praplatinimo disk\u0173 ratams prana\u0161umas yra tas, kad jie leid\u017eia ant esam\u0173 rat\u0173 pritvirtinti platesn\u0119 padang\u0105. Tai, \u017einoma, dar labiau pagerina sukibim\u0105 ir valdym\u0105.<\/p>\n\n\n\n<p>Kaip pritvirtinti Wheel Spacers, Video instrukcija:<\/p>\n\n\n\n<figure class=\"wp-block-embed is-type-video is-provider-youtube wp-block-embed-youtube wp-embed-aspect-16-9 wp-has-aspect-ratio\"><div class=\"wp-block-embed__wrapper\">\n<iframe loading=\"lazy\" title=\"How to PROPERLY Install Wheel Spacers\" width=\"580\" height=\"326\" src=\"https:\/\/www.youtube.com\/embed\/lOtGYuatYj4?feature=oembed\" frameborder=\"0\" allow=\"accelerometer; autoplay; clipboard-write; encrypted-media; gyroscope; picture-in-picture; web-share\" referrerpolicy=\"strict-origin-when-cross-origin\" allowfullscreen><\/iframe>\n<\/div><\/figure>\n\n\n\n<p><strong>Kokius rinktis i\u0161ne\u0161imo korektorius?<u><\/u><u><\/u><\/strong><\/p>\n\n\n\n<p>Svarbiausia apsispr\u0119sti, koki\u0173 &nbsp;\u201erastafki\u0173\u201c&nbsp;Jums reikia, kurios&nbsp;tiks labiausiai. T\u0105 galima padaryti i\u0161matavus tarp\u0105 tarp automobilio arkos ir ratlankio. &nbsp;<\/p>\n\n\n\n<p>Jeigu pasirinksite b\u016btent \u0161iam atstumui prilygstan\u010dio storio i\u0161ne\u0161imo korektorius, ratas susilygins su arka, bet geriau taip nedaryti, nes galima pa\u017eeisti k\u0117bul\u0105. Geriausia, kad ratas prasilenkt\u0173 su arka. Taip pat labai rekomenduojama su montavus korektorius atlikti rat\u0173 geometrijos korekcijas.<\/p>\n\n\n\n<p><strong>I\u0161ne\u0161imo korektori\u0173 tipai i\u0161 &nbsp;esm\u0117s yra keturi:<\/strong><\/p>\n\n\n\n<p>\u2022  <strong>Pirmasis<\/strong>&nbsp;\u012fprastai b\u016bna&nbsp;<strong>3mm storio<\/strong>, pridedamas platintojas, kur\u012f galima priver\u017eti turimais originaliais var\u017etais bei ver\u017el\u0117mis. \u012eprastai reikalinga atitraukti ratlank\u012f nuo stabd\u017ei\u0173 suporto;<\/p>\n\n\n\n<p><strong>\u2022  Antrajam<\/strong>\u00a0tipui jau priklauso storesni &#8211;\u00a0<strong>nuo 10mm iki 30mm<\/strong>. Jie turi stebul\u0117s imitavimo skersmen\u012f. Su u\u017euolaida u\u017ed\u0117ti ratui. \u0160io tipo platintojai montuojami su ilgais var\u017etais;<\/p>\n\n\n\n<p><strong>\u2022  Tre\u010diojo<\/strong>\u00a0tipo atveju priver\u017eiami i\u0161ne\u0161imo korektoriai-adapteriai. \u0160iuo atveju storis b\u016bna\u00a0<strong>nuo 20mm iki ir net 35mm<\/strong>. \u0160ie korektoriai montuojami ant stebul\u0117s. Prisukami var\u017etais-ver\u017el\u0117mis ir visi\u0161kai imituoja automobilio stebul\u0119. Ratai montuojami ir prisukami su papildomais var\u017etais ant adapteri\u0173. Toki\u0173 korektori\u0173 kaina \u012fprastai yra didesn\u0117, o ir var\u017et\u0173 kiekis kiekvienam\u00a0ratui padid\u0117ja;<\/p>\n\n\n\n<p>\u2022  <strong>Ketvirtajam<\/strong>&nbsp;tipui priklauso pagal&nbsp;<strong>individual\u0173 u\u017esakym\u0105<\/strong>&nbsp;gaminami korektoriai-adapteriai, koreguojantys originali\u0105 stebul\u0119.<\/p>\n","protected":false},"excerpt":{"rendered":"<p>Galime pasi\u016blyti plat\u0173 asortiment\u0105 rastafki\u0173\/adapteri\u0173 \u012fvairiems automobiliams. Klausti telefonu +37060365493 arba e-mail aumipadangos@gmail.com. Paprastas b\u016bdas, kaip automobiliui suteikti daugiau \u0161armo ir net agresyvumo: kas yra Wheel Spacers, praplatinimo diskai ratams arba tiesiog \u201erastafk\u0117s\u201c &#8211; kokios b\u016bna, kaip montuojamos, kod\u0117l tokios svarbios? Jei vairuojate sportin\u012f automobil\u012f &#8211; tikriausiai esate gird\u0117j\u0119 apie Wheel Spacers. Net ir \u017eem\u0117s [&hellip;]<\/p>\n","protected":false},"author":3,"featured_media":0,"parent":0,"menu_order":0,"comment_status":"closed","ping_status":"closed","template":"","meta":{"om_disable_all_campaigns":false,"_monsterinsights_skip_tracking":false,"_monsterinsights_sitenote_active":false,"_monsterinsights_sitenote_note":"","_monsterinsights_sitenote_category":0,"footnotes":""},"class_list":["post-891","page","type-page","status-publish","hentry"],"aioseo_notices":[],"_links":{"self":[{"href":"https:\/\/aumi.lt\/index.php\/wp-json\/wp\/v2\/pages\/891","targetHints":{"allow":["GET"]}}],"collection":[{"href":"https:\/\/aumi.lt\/index.php\/wp-json\/wp\/v2\/pages"}],"about":[{"href":"https:\/\/aumi.lt\/index.php\/wp-json\/wp\/v2\/types\/page"}],"author":[{"embeddable":true,"href":"https:\/\/aumi.lt\/index.php\/wp-json\/wp\/v2\/users\/3"}],"replies":[{"embeddable":true,"href":"https:\/\/aumi.lt\/index.php\/wp-json\/wp\/v2\/comments?post=891"}],"version-history":[{"count":15,"href":"https:\/\/aumi.lt\/index.php\/wp-json\/wp\/v2\/pages\/891\/revisions"}],"predecessor-version":[{"id":1050,"href":"https:\/\/aumi.lt\/index.php\/wp-json\/wp\/v2\/pages\/891\/revisions\/1050"}],"wp:attachment":[{"href":"https:\/\/aumi.lt\/index.php\/wp-json\/wp\/v2\/media?parent=891"}],"curies":[{"name":"wp","href":"https:\/\/api.w.org\/{rel}","templated":true}]}}