{"id":88,"date":"2022-10-05T16:12:53","date_gmt":"2022-10-05T14:12:53","guid":{"rendered":"https:\/\/aumi.lt\/?page_id=88"},"modified":"2025-12-22T14:10:49","modified_gmt":"2025-12-22T12:10:49","slug":"aumi","status":"publish","type":"page","link":"https:\/\/aumi.lt\/","title":{"rendered":"T\u0117vas ir S\u016bnus u\u017e J\u016bs\u0173 Ratus!"},"content":{"rendered":"\n<h2 class=\"wp-block-heading has-text-align-center\"><strong>Didelis nauj\u0173 ir naudot\u0173 padang\u0173 asortimentas!<\/strong><\/h2>\n\n\n\n<div class=\"wp-block-group is-vertical is-layout-flex wp-container-core-group-is-layout-8cf370e7 wp-block-group-is-layout-flex\">\n<p><strong>Kod\u0117l rinktis \u201eAuMi Padangos\u201c?<\/strong><\/p>\n\n\n\n<p><strong>\u2022 \u0160eimos \u0161iluma ir individualus po\u017ei\u016bris<\/strong>&nbsp;\u2013 kiekvienas klientas \u010dia kaip \u0161eimos narys.<\/p>\n\n\n\n<p><strong>\u2022 Platus padang\u0173 asortimentas<\/strong>&nbsp;\u2013 nuo \u017eiemini\u0173 iki vasarini\u0173, \u012fvairi\u0173 gamintoj\u0173 ir kain\u0173 kategorij\u0173.<\/p>\n\n\n\n<p><strong>\u2022 Profesionalus montavimas ir technin\u0117 patikra<\/strong>&nbsp;\u2013 naudojama moderni \u012franga ir kokybi\u0161kos paslaugos.<\/p>\n\n\n\n<p><strong>\u2022 Patogios paslaugos<\/strong>&nbsp;\u2013 greitas aptarnavimas, padang\u0173 saugojimas sezonui ir konsultacijos.<\/p>\n<\/div>\n\n\n\n<h4 class=\"wp-block-heading has-text-align-center\"><strong>Rezervuokite laik\u0105 registruodamiesi internetu arba skambinkite:<\/strong><\/h4>\n\n\n\n<div class=\"wp-block-buttons is-content-justification-center is-layout-flex wp-container-core-buttons-is-layout-16018d1d wp-block-buttons-is-layout-flex\">\n<div class=\"wp-block-button\"><a class=\"wp-block-button__link wp-element-button\" href=\"https:\/\/nevaziuoja.lt\/autoservisas\/aumi-padangos-mb-1426?book-now=true\">Registracija internetu<\/a><\/div>\n<\/div>\n\n\n\n<h4 class=\"wp-block-heading has-text-align-center\"><strong>+370 603 65493<\/strong><\/h4>\n\n\n\n<h5 class=\"wp-block-heading has-text-align-center\"><strong>Iki pasimatymo!<\/strong><\/h5>\n\n\n\n<h4 class=\"wp-block-heading has-text-align-center\"><strong>M\u016bs\u0173 \u012fvertinimai:<\/strong><\/h4>\n\n\n\n<figure class=\"wp-block-image size-large\"><img loading=\"lazy\" decoding=\"async\" width=\"734\" height=\"1024\" src=\"https:\/\/aumi.lt\/wp-content\/uploads\/2025\/12\/IMG_4179-734x1024.jpeg\" alt=\"\" class=\"wp-image-1315\" srcset=\"https:\/\/aumi.lt\/wp-content\/uploads\/2025\/12\/IMG_4179-734x1024.jpeg 734w, https:\/\/aumi.lt\/wp-content\/uploads\/2025\/12\/IMG_4179-215x300.jpeg 215w, https:\/\/aumi.lt\/wp-content\/uploads\/2025\/12\/IMG_4179-768x1072.jpeg 768w, https:\/\/aumi.lt\/wp-content\/uploads\/2025\/12\/IMG_4179-1101x1536.jpeg 1101w, https:\/\/aumi.lt\/wp-content\/uploads\/2025\/12\/IMG_4179-1467x2048.jpeg 1467w, https:\/\/aumi.lt\/wp-content\/uploads\/2025\/12\/IMG_4179-1200x1675.jpeg 1200w, https:\/\/aumi.lt\/wp-content\/uploads\/2025\/12\/IMG_4179.jpeg 1711w\" sizes=\"auto, (max-width: 734px) 100vw, 734px\" \/><\/figure>\n\n\n\n<figure class=\"wp-block-image size-large\"><img loading=\"lazy\" decoding=\"async\" width=\"1024\" height=\"724\" src=\"https:\/\/aumi.lt\/wp-content\/uploads\/2025\/12\/GAZELEI_2025-02-1024x724.jpg\" alt=\"\" class=\"wp-image-1317\" srcset=\"https:\/\/aumi.lt\/wp-content\/uploads\/2025\/12\/GAZELEI_2025-02-1024x724.jpg 1024w, https:\/\/aumi.lt\/wp-content\/uploads\/2025\/12\/GAZELEI_2025-02-300x212.jpg 300w, https:\/\/aumi.lt\/wp-content\/uploads\/2025\/12\/GAZELEI_2025-02-768x543.jpg 768w, https:\/\/aumi.lt\/wp-content\/uploads\/2025\/12\/GAZELEI_2025-02-1200x849.jpg 1200w, https:\/\/aumi.lt\/wp-content\/uploads\/2025\/12\/GAZELEI_2025-02.jpg 1240w\" sizes=\"auto, (max-width: 1024px) 100vw, 1024px\" \/><\/figure>\n\n\n\n<figure class=\"wp-block-image size-large\"><img loading=\"lazy\" decoding=\"async\" width=\"1024\" height=\"723\" src=\"https:\/\/aumi.lt\/wp-content\/uploads\/2025\/09\/IMG_4113-1-1024x723.jpeg\" alt=\"\" class=\"wp-image-1265\" srcset=\"https:\/\/aumi.lt\/wp-content\/uploads\/2025\/09\/IMG_4113-1-1024x723.jpeg 1024w, https:\/\/aumi.lt\/wp-content\/uploads\/2025\/09\/IMG_4113-1-300x212.jpeg 300w, https:\/\/aumi.lt\/wp-content\/uploads\/2025\/09\/IMG_4113-1-768x543.jpeg 768w, https:\/\/aumi.lt\/wp-content\/uploads\/2025\/09\/IMG_4113-1-1536x1085.jpeg 1536w, https:\/\/aumi.lt\/wp-content\/uploads\/2025\/09\/IMG_4113-1-2048x1447.jpeg 2048w, https:\/\/aumi.lt\/wp-content\/uploads\/2025\/09\/IMG_4113-1-1200x848.jpeg 1200w, https:\/\/aumi.lt\/wp-content\/uploads\/2025\/09\/IMG_4113-1-1980x1399.jpeg 1980w\" sizes=\"auto, (max-width: 1024px) 100vw, 1024px\" \/><\/figure>\n\n\n\n<figure class=\"wp-block-image size-large\"><img loading=\"lazy\" decoding=\"async\" width=\"1024\" height=\"724\" src=\"https:\/\/aumi.lt\/wp-content\/uploads\/2025\/09\/IMG_4114-1-1024x724.jpeg\" alt=\"\" class=\"wp-image-1264\" srcset=\"https:\/\/aumi.lt\/wp-content\/uploads\/2025\/09\/IMG_4114-1-1024x724.jpeg 1024w, https:\/\/aumi.lt\/wp-content\/uploads\/2025\/09\/IMG_4114-1-300x212.jpeg 300w, https:\/\/aumi.lt\/wp-content\/uploads\/2025\/09\/IMG_4114-1-768x543.jpeg 768w, https:\/\/aumi.lt\/wp-content\/uploads\/2025\/09\/IMG_4114-1-1536x1086.jpeg 1536w, https:\/\/aumi.lt\/wp-content\/uploads\/2025\/09\/IMG_4114-1-2048x1448.jpeg 2048w, https:\/\/aumi.lt\/wp-content\/uploads\/2025\/09\/IMG_4114-1-1200x848.jpeg 1200w, https:\/\/aumi.lt\/wp-content\/uploads\/2025\/09\/IMG_4114-1-1980x1400.jpeg 1980w\" sizes=\"auto, (max-width: 1024px) 100vw, 1024px\" \/><\/figure>\n\n\n\n<figure class=\"wp-block-gallery has-nested-images columns-default is-cropped wp-block-gallery-1 is-layout-flex wp-block-gallery-is-layout-flex\">\n<figure class=\"wp-block-image size-large\"><img loading=\"lazy\" decoding=\"async\" width=\"719\" height=\"1024\" data-id=\"828\" src=\"https:\/\/aumi.lt\/wp-content\/uploads\/2024\/01\/IMG_2741-2-719x1024.jpeg\" alt=\"\" class=\"wp-image-828\" srcset=\"https:\/\/aumi.lt\/wp-content\/uploads\/2024\/01\/IMG_2741-2-719x1024.jpeg 719w, https:\/\/aumi.lt\/wp-content\/uploads\/2024\/01\/IMG_2741-2-211x300.jpeg 211w, https:\/\/aumi.lt\/wp-content\/uploads\/2024\/01\/IMG_2741-2-768x1093.jpeg 768w, https:\/\/aumi.lt\/wp-content\/uploads\/2024\/01\/IMG_2741-2-1079x1536.jpeg 1079w, https:\/\/aumi.lt\/wp-content\/uploads\/2024\/01\/IMG_2741-2-1200x1708.jpeg 1200w, https:\/\/aumi.lt\/wp-content\/uploads\/2024\/01\/IMG_2741-2.jpeg 1415w\" sizes=\"auto, (max-width: 719px) 100vw, 719px\" \/><\/figure>\n\n\n\n<figure class=\"wp-block-image size-large\"><img loading=\"lazy\" decoding=\"async\" width=\"768\" height=\"1024\" data-id=\"827\" src=\"https:\/\/aumi.lt\/wp-content\/uploads\/2024\/01\/IMG_2752-2-768x1024.jpeg\" alt=\"\" class=\"wp-image-827\" srcset=\"https:\/\/aumi.lt\/wp-content\/uploads\/2024\/01\/IMG_2752-2-768x1024.jpeg 768w, https:\/\/aumi.lt\/wp-content\/uploads\/2024\/01\/IMG_2752-2-225x300.jpeg 225w, https:\/\/aumi.lt\/wp-content\/uploads\/2024\/01\/IMG_2752-2.jpeg 1008w\" sizes=\"auto, (max-width: 768px) 100vw, 768px\" \/><\/figure>\n<\/figure>\n\n\n\n<figure class=\"wp-block-image size-large\"><img loading=\"lazy\" decoding=\"async\" width=\"1024\" height=\"219\" src=\"https:\/\/aumi.lt\/wp-content\/uploads\/2024\/01\/IMG_2753-2-1024x219.png\" alt=\"\" class=\"wp-image-829\" srcset=\"https:\/\/aumi.lt\/wp-content\/uploads\/2024\/01\/IMG_2753-2-1024x219.png 1024w, https:\/\/aumi.lt\/wp-content\/uploads\/2024\/01\/IMG_2753-2-300x64.png 300w, https:\/\/aumi.lt\/wp-content\/uploads\/2024\/01\/IMG_2753-2-768x164.png 768w, https:\/\/aumi.lt\/wp-content\/uploads\/2024\/01\/IMG_2753-2.png 1170w\" sizes=\"auto, (max-width: 1024px) 100vw, 1024px\" \/><\/figure>\n\n\n\n<figure class=\"wp-block-gallery has-nested-images columns-default is-cropped wp-block-gallery-2 is-layout-flex wp-block-gallery-is-layout-flex\">\n<figure class=\"wp-block-image size-large\"><img loading=\"lazy\" decoding=\"async\" width=\"835\" height=\"834\" data-id=\"831\" src=\"https:\/\/aumi.lt\/wp-content\/uploads\/2024\/01\/IMG_2748-2.png\" alt=\"\" class=\"wp-image-831\" srcset=\"https:\/\/aumi.lt\/wp-content\/uploads\/2024\/01\/IMG_2748-2.png 835w, https:\/\/aumi.lt\/wp-content\/uploads\/2024\/01\/IMG_2748-2-300x300.png 300w, https:\/\/aumi.lt\/wp-content\/uploads\/2024\/01\/IMG_2748-2-150x150.png 150w, https:\/\/aumi.lt\/wp-content\/uploads\/2024\/01\/IMG_2748-2-768x767.png 768w\" sizes=\"auto, (max-width: 835px) 100vw, 835px\" \/><\/figure>\n\n\n\n<figure class=\"wp-block-image size-large\"><img loading=\"lazy\" decoding=\"async\" width=\"800\" height=\"800\" data-id=\"832\" src=\"https:\/\/aumi.lt\/wp-content\/uploads\/2024\/01\/IMG_2751-3.gif\" alt=\"\" class=\"wp-image-832\"\/><\/figure>\n<\/figure>\n\n\n\n<h5 class=\"wp-block-heading has-text-align-center\"><strong>Mumis pasitiki daugiau nei 50 \u012fmoni\u0173 visoje Lietuvoje!<\/strong><\/h5>\n\n\n\n<figure class=\"wp-block-gallery has-nested-images columns-default is-cropped wp-block-gallery-3 is-layout-flex wp-block-gallery-is-layout-flex\">\n<figure class=\"wp-block-image size-large\"><img loading=\"lazy\" decoding=\"async\" width=\"592\" height=\"592\" data-id=\"723\" src=\"https:\/\/aumi.lt\/wp-content\/uploads\/2023\/10\/IMG_2595-13.jpeg\" alt=\"\" class=\"wp-image-723\" srcset=\"https:\/\/aumi.lt\/wp-content\/uploads\/2023\/10\/IMG_2595-13.jpeg 592w, https:\/\/aumi.lt\/wp-content\/uploads\/2023\/10\/IMG_2595-13-300x300.jpeg 300w, https:\/\/aumi.lt\/wp-content\/uploads\/2023\/10\/IMG_2595-13-150x150.jpeg 150w\" sizes=\"auto, (max-width: 592px) 100vw, 592px\" \/><\/figure>\n\n\n\n<figure class=\"wp-block-image size-large\"><a href=\"https:\/\/www.stiklu-ekspertai.lt\/\"><img loading=\"lazy\" decoding=\"async\" width=\"592\" height=\"592\" data-id=\"724\" src=\"https:\/\/aumi.lt\/wp-content\/uploads\/2023\/10\/IMG_2610-2.jpeg\" alt=\"\" class=\"wp-image-724\" srcset=\"https:\/\/aumi.lt\/wp-content\/uploads\/2023\/10\/IMG_2610-2.jpeg 592w, https:\/\/aumi.lt\/wp-content\/uploads\/2023\/10\/IMG_2610-2-300x300.jpeg 300w, https:\/\/aumi.lt\/wp-content\/uploads\/2023\/10\/IMG_2610-2-150x150.jpeg 150w\" sizes=\"auto, (max-width: 592px) 100vw, 592px\" \/><\/a><\/figure>\n\n\n\n<figure class=\"wp-block-image size-large\"><img loading=\"lazy\" decoding=\"async\" width=\"592\" height=\"592\" data-id=\"729\" src=\"https:\/\/aumi.lt\/wp-content\/uploads\/2023\/10\/IMG_2609-2.jpeg\" alt=\"\" class=\"wp-image-729\" srcset=\"https:\/\/aumi.lt\/wp-content\/uploads\/2023\/10\/IMG_2609-2.jpeg 592w, https:\/\/aumi.lt\/wp-content\/uploads\/2023\/10\/IMG_2609-2-300x300.jpeg 300w, https:\/\/aumi.lt\/wp-content\/uploads\/2023\/10\/IMG_2609-2-150x150.jpeg 150w\" sizes=\"auto, (max-width: 592px) 100vw, 592px\" \/><\/figure>\n\n\n\n<figure class=\"wp-block-image size-full\"><a href=\"https:\/\/www.automega.lt\/\"><img loading=\"lazy\" decoding=\"async\" width=\"592\" height=\"592\" data-id=\"804\" src=\"https:\/\/aumi.lt\/wp-content\/uploads\/2023\/11\/IMG_2672.jpeg\" alt=\"\" class=\"wp-image-804\" srcset=\"https:\/\/aumi.lt\/wp-content\/uploads\/2023\/11\/IMG_2672.jpeg 592w, https:\/\/aumi.lt\/wp-content\/uploads\/2023\/11\/IMG_2672-300x300.jpeg 300w, https:\/\/aumi.lt\/wp-content\/uploads\/2023\/11\/IMG_2672-150x150.jpeg 150w\" sizes=\"auto, (max-width: 592px) 100vw, 592px\" \/><\/a><\/figure>\n\n\n\n<figure class=\"wp-block-image size-large\"><a href=\"http:\/\/www.argeanosgrupe.lt\/\"><img loading=\"lazy\" decoding=\"async\" width=\"200\" height=\"200\" data-id=\"728\" src=\"https:\/\/aumi.lt\/wp-content\/uploads\/2023\/10\/IMG_2591-17.jpeg\" alt=\"\" class=\"wp-image-728\" srcset=\"https:\/\/aumi.lt\/wp-content\/uploads\/2023\/10\/IMG_2591-17.jpeg 200w, https:\/\/aumi.lt\/wp-content\/uploads\/2023\/10\/IMG_2591-17-150x150.jpeg 150w\" sizes=\"auto, (max-width: 200px) 100vw, 200px\" \/><\/a><\/figure>\n\n\n\n<figure class=\"wp-block-image size-large\"><a href=\"https:\/\/vakada.lt\/\"><img loading=\"lazy\" decoding=\"async\" width=\"229\" height=\"220\" data-id=\"730\" src=\"https:\/\/aumi.lt\/wp-content\/uploads\/2023\/10\/IMG_2590-15.png\" alt=\"\" class=\"wp-image-730\"\/><\/a><\/figure>\n\n\n\n<figure class=\"wp-block-image size-full\"><a href=\"https:\/\/amberdrive.lt\/lt\/\"><img loading=\"lazy\" decoding=\"async\" width=\"640\" height=\"640\" data-id=\"767\" src=\"https:\/\/aumi.lt\/wp-content\/uploads\/2023\/11\/IMG_2664.jpeg\" alt=\"\" class=\"wp-image-767\" srcset=\"https:\/\/aumi.lt\/wp-content\/uploads\/2023\/11\/IMG_2664.jpeg 640w, https:\/\/aumi.lt\/wp-content\/uploads\/2023\/11\/IMG_2664-300x300.jpeg 300w, https:\/\/aumi.lt\/wp-content\/uploads\/2023\/11\/IMG_2664-150x150.jpeg 150w\" sizes=\"auto, (max-width: 640px) 100vw, 640px\" \/><\/a><\/figure>\n\n\n\n<figure class=\"wp-block-image size-large\"><a href=\"https:\/\/www.daltra.lt\/\"><img loading=\"lazy\" decoding=\"async\" width=\"225\" height=\"225\" data-id=\"727\" src=\"https:\/\/aumi.lt\/wp-content\/uploads\/2023\/10\/IMG_2587-11.jpeg\" alt=\"\" class=\"wp-image-727\" srcset=\"https:\/\/aumi.lt\/wp-content\/uploads\/2023\/10\/IMG_2587-11.jpeg 225w, https:\/\/aumi.lt\/wp-content\/uploads\/2023\/10\/IMG_2587-11-150x150.jpeg 150w\" sizes=\"auto, (max-width: 225px) 100vw, 225px\" \/><\/a><\/figure>\n\n\n\n<figure class=\"wp-block-image size-large\"><a href=\"https:\/\/www.orgsis.lt\/\"><img loading=\"lazy\" decoding=\"async\" width=\"224\" height=\"224\" data-id=\"732\" src=\"https:\/\/aumi.lt\/wp-content\/uploads\/2023\/10\/IMG_2586-11.png\" alt=\"\" class=\"wp-image-732\" srcset=\"https:\/\/aumi.lt\/wp-content\/uploads\/2023\/10\/IMG_2586-11.png 224w, https:\/\/aumi.lt\/wp-content\/uploads\/2023\/10\/IMG_2586-11-150x150.png 150w\" sizes=\"auto, (max-width: 224px) 100vw, 224px\" \/><\/a><\/figure>\n\n\n\n<figure class=\"wp-block-image size-large\"><a href=\"https:\/\/www.paradis.lt\/\"><img loading=\"lazy\" decoding=\"async\" width=\"592\" height=\"592\" data-id=\"731\" src=\"https:\/\/aumi.lt\/wp-content\/uploads\/2023\/10\/IMG_2607-2.jpeg\" alt=\"\" class=\"wp-image-731\" srcset=\"https:\/\/aumi.lt\/wp-content\/uploads\/2023\/10\/IMG_2607-2.jpeg 592w, https:\/\/aumi.lt\/wp-content\/uploads\/2023\/10\/IMG_2607-2-300x300.jpeg 300w, https:\/\/aumi.lt\/wp-content\/uploads\/2023\/10\/IMG_2607-2-150x150.jpeg 150w\" sizes=\"auto, (max-width: 592px) 100vw, 592px\" \/><\/a><\/figure>\n\n\n\n<figure class=\"wp-block-image size-large\"><a href=\"https:\/\/intercars.lt\/\"><img loading=\"lazy\" decoding=\"async\" width=\"592\" height=\"592\" data-id=\"739\" src=\"https:\/\/aumi.lt\/wp-content\/uploads\/2023\/10\/IMG_2606-2.png\" alt=\"\" class=\"wp-image-739\" srcset=\"https:\/\/aumi.lt\/wp-content\/uploads\/2023\/10\/IMG_2606-2.png 592w, https:\/\/aumi.lt\/wp-content\/uploads\/2023\/10\/IMG_2606-2-300x300.png 300w, https:\/\/aumi.lt\/wp-content\/uploads\/2023\/10\/IMG_2606-2-150x150.png 150w\" sizes=\"auto, (max-width: 592px) 100vw, 592px\" \/><\/a><\/figure>\n\n\n\n<figure class=\"wp-block-image size-large\"><img loading=\"lazy\" decoding=\"async\" width=\"592\" height=\"592\" data-id=\"726\" src=\"https:\/\/aumi.lt\/wp-content\/uploads\/2023\/10\/IMG_2605-2.jpeg\" alt=\"\" class=\"wp-image-726\" srcset=\"https:\/\/aumi.lt\/wp-content\/uploads\/2023\/10\/IMG_2605-2.jpeg 592w, https:\/\/aumi.lt\/wp-content\/uploads\/2023\/10\/IMG_2605-2-300x300.jpeg 300w, https:\/\/aumi.lt\/wp-content\/uploads\/2023\/10\/IMG_2605-2-150x150.jpeg 150w\" sizes=\"auto, (max-width: 592px) 100vw, 592px\" \/><\/figure>\n\n\n\n<figure class=\"wp-block-image size-large\"><a href=\"https:\/\/www.biomotorai.lt\/lt\/\"><img loading=\"lazy\" decoding=\"async\" width=\"592\" height=\"592\" data-id=\"738\" src=\"https:\/\/aumi.lt\/wp-content\/uploads\/2023\/10\/IMG_2603-2.jpeg\" alt=\"\" class=\"wp-image-738\" srcset=\"https:\/\/aumi.lt\/wp-content\/uploads\/2023\/10\/IMG_2603-2.jpeg 592w, https:\/\/aumi.lt\/wp-content\/uploads\/2023\/10\/IMG_2603-2-300x300.jpeg 300w, https:\/\/aumi.lt\/wp-content\/uploads\/2023\/10\/IMG_2603-2-150x150.jpeg 150w\" sizes=\"auto, (max-width: 592px) 100vw, 592px\" \/><\/a><\/figure>\n\n\n\n<figure class=\"wp-block-image size-large\"><a href=\"https:\/\/www.autolead.lt\/en\/home\/\"><img loading=\"lazy\" decoding=\"async\" width=\"592\" height=\"592\" data-id=\"734\" src=\"https:\/\/aumi.lt\/wp-content\/uploads\/2023\/10\/IMG_2613-2.jpeg\" alt=\"\" class=\"wp-image-734\" srcset=\"https:\/\/aumi.lt\/wp-content\/uploads\/2023\/10\/IMG_2613-2.jpeg 592w, https:\/\/aumi.lt\/wp-content\/uploads\/2023\/10\/IMG_2613-2-300x300.jpeg 300w, https:\/\/aumi.lt\/wp-content\/uploads\/2023\/10\/IMG_2613-2-150x150.jpeg 150w\" sizes=\"auto, (max-width: 592px) 100vw, 592px\" \/><\/a><\/figure>\n\n\n\n<figure class=\"wp-block-image size-large\"><a href=\"https:\/\/www.saltinelis.lt\/\"><img loading=\"lazy\" decoding=\"async\" width=\"592\" height=\"592\" data-id=\"736\" src=\"https:\/\/aumi.lt\/wp-content\/uploads\/2023\/10\/IMG_2604-2.png\" alt=\"\" class=\"wp-image-736\" srcset=\"https:\/\/aumi.lt\/wp-content\/uploads\/2023\/10\/IMG_2604-2.png 592w, https:\/\/aumi.lt\/wp-content\/uploads\/2023\/10\/IMG_2604-2-300x300.png 300w, https:\/\/aumi.lt\/wp-content\/uploads\/2023\/10\/IMG_2604-2-150x150.png 150w\" sizes=\"auto, (max-width: 592px) 100vw, 592px\" \/><\/a><\/figure>\n\n\n\n<figure class=\"wp-block-image size-large\"><a href=\"https:\/\/puikuskemperiai.lt\/\"><img loading=\"lazy\" decoding=\"async\" width=\"592\" height=\"592\" data-id=\"737\" src=\"https:\/\/aumi.lt\/wp-content\/uploads\/2023\/10\/IMG_2602-2.jpeg\" alt=\"\" class=\"wp-image-737\" srcset=\"https:\/\/aumi.lt\/wp-content\/uploads\/2023\/10\/IMG_2602-2.jpeg 592w, https:\/\/aumi.lt\/wp-content\/uploads\/2023\/10\/IMG_2602-2-300x300.jpeg 300w, https:\/\/aumi.lt\/wp-content\/uploads\/2023\/10\/IMG_2602-2-150x150.jpeg 150w\" sizes=\"auto, (max-width: 592px) 100vw, 592px\" \/><\/a><\/figure>\n\n\n\n<figure class=\"wp-block-image size-large\"><a href=\"https:\/\/www.nege.lt\/\"><img loading=\"lazy\" decoding=\"async\" width=\"592\" height=\"592\" data-id=\"741\" src=\"https:\/\/aumi.lt\/wp-content\/uploads\/2023\/10\/IMG_2615.png\" alt=\"\" class=\"wp-image-741\" srcset=\"https:\/\/aumi.lt\/wp-content\/uploads\/2023\/10\/IMG_2615.png 592w, https:\/\/aumi.lt\/wp-content\/uploads\/2023\/10\/IMG_2615-300x300.png 300w, https:\/\/aumi.lt\/wp-content\/uploads\/2023\/10\/IMG_2615-150x150.png 150w\" sizes=\"auto, (max-width: 592px) 100vw, 592px\" \/><\/a><\/figure>\n\n\n\n<figure class=\"wp-block-image size-large\"><a href=\"https:\/\/www.jcdecaux.lt\/\"><img loading=\"lazy\" decoding=\"async\" width=\"592\" height=\"592\" data-id=\"733\" src=\"https:\/\/aumi.lt\/wp-content\/uploads\/2023\/10\/IMG_2601-2.jpeg\" alt=\"\" class=\"wp-image-733\" srcset=\"https:\/\/aumi.lt\/wp-content\/uploads\/2023\/10\/IMG_2601-2.jpeg 592w, https:\/\/aumi.lt\/wp-content\/uploads\/2023\/10\/IMG_2601-2-300x300.jpeg 300w, https:\/\/aumi.lt\/wp-content\/uploads\/2023\/10\/IMG_2601-2-150x150.jpeg 150w\" sizes=\"auto, (max-width: 592px) 100vw, 592px\" \/><\/a><\/figure>\n\n\n\n<figure class=\"wp-block-image size-large\"><a href=\"https:\/\/www.bgcparduotuve.lt\/\"><img loading=\"lazy\" decoding=\"async\" width=\"1024\" height=\"480\" data-id=\"740\" src=\"https:\/\/aumi.lt\/wp-content\/uploads\/2023\/10\/IMG_2585-9-1024x480.png\" alt=\"\" class=\"wp-image-740\" srcset=\"https:\/\/aumi.lt\/wp-content\/uploads\/2023\/10\/IMG_2585-9-1024x480.png 1024w, https:\/\/aumi.lt\/wp-content\/uploads\/2023\/10\/IMG_2585-9-300x141.png 300w, https:\/\/aumi.lt\/wp-content\/uploads\/2023\/10\/IMG_2585-9-768x360.png 768w, https:\/\/aumi.lt\/wp-content\/uploads\/2023\/10\/IMG_2585-9-1200x562.png 1200w, https:\/\/aumi.lt\/wp-content\/uploads\/2023\/10\/IMG_2585-9.png 1236w\" sizes=\"auto, (max-width: 1024px) 100vw, 1024px\" \/><\/a><\/figure>\n<\/figure>\n","protected":false},"excerpt":{"rendered":"<p>Didelis nauj\u0173 ir naudot\u0173 padang\u0173 asortimentas! Kod\u0117l rinktis \u201eAuMi Padangos\u201c? \u2022 \u0160eimos \u0161iluma ir individualus po\u017ei\u016bris&nbsp;\u2013 kiekvienas klientas \u010dia kaip \u0161eimos narys. \u2022 Platus padang\u0173 asortimentas&nbsp;\u2013 nuo \u017eiemini\u0173 iki vasarini\u0173, \u012fvairi\u0173 gamintoj\u0173 ir kain\u0173 kategorij\u0173. \u2022 Profesionalus montavimas ir technin\u0117 patikra&nbsp;\u2013 naudojama moderni \u012franga ir kokybi\u0161kos paslaugos. \u2022 Patogios paslaugos&nbsp;\u2013 greitas aptarnavimas, padang\u0173 saugojimas sezonui [&hellip;]<\/p>\n","protected":false},"author":3,"featured_media":159,"parent":0,"menu_order":0,"comment_status":"closed","ping_status":"closed","template":"","meta":{"om_disable_all_campaigns":false,"_monsterinsights_skip_tracking":false,"_monsterinsights_sitenote_active":false,"_monsterinsights_sitenote_note":"","_monsterinsights_sitenote_category":0,"footnotes":""},"class_list":["post-88","page","type-page","status-publish","has-post-thumbnail","hentry"],"aioseo_notices":[],"_links":{"self":[{"href":"https:\/\/aumi.lt\/index.php\/wp-json\/wp\/v2\/pages\/88","targetHints":{"allow":["GET"]}}],"collection":[{"href":"https:\/\/aumi.lt\/index.php\/wp-json\/wp\/v2\/pages"}],"about":[{"href":"https:\/\/aumi.lt\/index.php\/wp-json\/wp\/v2\/types\/page"}],"author":[{"embeddable":true,"href":"https:\/\/aumi.lt\/index.php\/wp-json\/wp\/v2\/users\/3"}],"replies":[{"embeddable":true,"href":"https:\/\/aumi.lt\/index.php\/wp-json\/wp\/v2\/comments?post=88"}],"version-history":[{"count":80,"href":"https:\/\/aumi.lt\/index.php\/wp-json\/wp\/v2\/pages\/88\/revisions"}],"predecessor-version":[{"id":1320,"href":"https:\/\/aumi.lt\/index.php\/wp-json\/wp\/v2\/pages\/88\/revisions\/1320"}],"wp:featuredmedia":[{"embeddable":true,"href":"https:\/\/aumi.lt\/index.php\/wp-json\/wp\/v2\/media\/159"}],"wp:attachment":[{"href":"https:\/\/aumi.lt\/index.php\/wp-json\/wp\/v2\/media?parent=88"}],"curies":[{"name":"wp","href":"https:\/\/api.w.org\/{rel}","templated":true}]}}