{"id":283,"date":"2023-01-26T15:58:01","date_gmt":"2023-01-26T13:58:01","guid":{"rendered":"https:\/\/aumi.lt\/?page_id=283"},"modified":"2024-01-10T15:34:41","modified_gmt":"2024-01-10T13:34:41","slug":"lietu-ratlankiu-lyginimas","status":"publish","type":"page","link":"https:\/\/aumi.lt\/index.php\/lietu-ratlankiu-lyginimas\/","title":{"rendered":"Liet\u0173 ratlanki\u0173 tiesinimas"},"content":{"rendered":"<div class=\"wp-block-image\">\n<figure class=\"aligncenter size-full\"><img loading=\"lazy\" decoding=\"async\" width=\"341\" height=\"341\" src=\"https:\/\/aumi.lt\/wp-content\/uploads\/2022\/10\/6AF3DF34-D86C-4D3B-BA26-4CD0B28D667D.jpeg\" alt=\"\" class=\"wp-image-108\" srcset=\"https:\/\/aumi.lt\/wp-content\/uploads\/2022\/10\/6AF3DF34-D86C-4D3B-BA26-4CD0B28D667D.jpeg 341w, https:\/\/aumi.lt\/wp-content\/uploads\/2022\/10\/6AF3DF34-D86C-4D3B-BA26-4CD0B28D667D-300x300.jpeg 300w, https:\/\/aumi.lt\/wp-content\/uploads\/2022\/10\/6AF3DF34-D86C-4D3B-BA26-4CD0B28D667D-150x150.jpeg 150w\" sizes=\"auto, (max-width: 341px) 100vw, 341px\" \/><\/figure>\n<\/div>\n\n\n<p>Tiesiname lietus ratlankius.<\/p>\n\n\n\n<p>U\u017etrunka nuo 1 valandos 30 minu\u010di\u0173 ir daugiau.<\/p>\n\n\n\n<p><strong>Kaina nuo 30\u20ac\/1 vnt.<\/strong><\/p>\n","protected":false},"excerpt":{"rendered":"<p>Tiesiname lietus ratlankius. U\u017etrunka nuo 1 valandos 30 minu\u010di\u0173 ir daugiau. Kaina nuo 30\u20ac\/1 vnt.<\/p>\n","protected":false},"author":3,"featured_media":0,"parent":0,"menu_order":0,"comment_status":"closed","ping_status":"closed","template":"","meta":{"om_disable_all_campaigns":false,"_monsterinsights_skip_tracking":false,"_monsterinsights_sitenote_active":false,"_monsterinsights_sitenote_note":"","_monsterinsights_sitenote_category":0,"footnotes":""},"class_list":["post-283","page","type-page","status-publish","hentry"],"aioseo_notices":[],"_links":{"self":[{"href":"https:\/\/aumi.lt\/index.php\/wp-json\/wp\/v2\/pages\/283","targetHints":{"allow":["GET"]}}],"collection":[{"href":"https:\/\/aumi.lt\/index.php\/wp-json\/wp\/v2\/pages"}],"about":[{"href":"https:\/\/aumi.lt\/index.php\/wp-json\/wp\/v2\/types\/page"}],"author":[{"embeddable":true,"href":"https:\/\/aumi.lt\/index.php\/wp-json\/wp\/v2\/users\/3"}],"replies":[{"embeddable":true,"href":"https:\/\/aumi.lt\/index.php\/wp-json\/wp\/v2\/comments?post=283"}],"version-history":[{"count":3,"href":"https:\/\/aumi.lt\/index.php\/wp-json\/wp\/v2\/pages\/283\/revisions"}],"predecessor-version":[{"id":812,"href":"https:\/\/aumi.lt\/index.php\/wp-json\/wp\/v2\/pages\/283\/revisions\/812"}],"wp:attachment":[{"href":"https:\/\/aumi.lt\/index.php\/wp-json\/wp\/v2\/media?parent=283"}],"curies":[{"name":"wp","href":"https:\/\/api.w.org\/{rel}","templated":true}]}}