{"id":281,"date":"2023-01-26T15:56:57","date_gmt":"2023-01-26T13:56:57","guid":{"rendered":"https:\/\/aumi.lt\/?page_id=281"},"modified":"2023-01-26T17:05:17","modified_gmt":"2023-01-26T15:05:17","slug":"padangos-remontas","status":"publish","type":"page","link":"https:\/\/aumi.lt\/index.php\/padangos-remontas\/","title":{"rendered":"Padangos remontas"},"content":{"rendered":"<div class=\"wp-block-image\">\n<figure class=\"aligncenter size-full is-resized\"><img loading=\"lazy\" decoding=\"async\" src=\"https:\/\/aumi.lt\/wp-content\/uploads\/2022\/10\/E1A3CE66-7FCE-4A70-AF51-6C27BD473900.jpeg\" alt=\"\" class=\"wp-image-150\" width=\"325\" height=\"325\" srcset=\"https:\/\/aumi.lt\/wp-content\/uploads\/2022\/10\/E1A3CE66-7FCE-4A70-AF51-6C27BD473900.jpeg 667w, https:\/\/aumi.lt\/wp-content\/uploads\/2022\/10\/E1A3CE66-7FCE-4A70-AF51-6C27BD473900-300x300.jpeg 300w, https:\/\/aumi.lt\/wp-content\/uploads\/2022\/10\/E1A3CE66-7FCE-4A70-AF51-6C27BD473900-150x150.jpeg 150w\" sizes=\"auto, (max-width: 325px) 100vw, 325px\" \/><\/figure>\n<\/div>\n\n\n<p>Padangos remontas, virvut\u0117s \u012fd\u0117jimas arba padangos lopijimas i\u0161 vidaus.<\/p>\n\n\n\n<p>(Padangos lopijimas u\u017etrunka apie 30 minu\u010di\u0173 ir daugiau)<\/p>\n\n\n\n<p><strong>Lopijimas 15-35\u20ac\/1 vnt.<\/strong><\/p>\n\n\n\n<p><strong>Virvut\u0117s \u012fd\u0117jimas 10\u20ac\/1 vnt.<\/strong><\/p>\n","protected":false},"excerpt":{"rendered":"<p>Padangos remontas, virvut\u0117s \u012fd\u0117jimas arba padangos lopijimas i\u0161 vidaus. (Padangos lopijimas u\u017etrunka apie 30 minu\u010di\u0173 ir daugiau) Lopijimas 15-35\u20ac\/1 vnt. Virvut\u0117s \u012fd\u0117jimas 10\u20ac\/1 vnt.<\/p>\n","protected":false},"author":3,"featured_media":0,"parent":0,"menu_order":0,"comment_status":"closed","ping_status":"closed","template":"","meta":{"om_disable_all_campaigns":false,"_monsterinsights_skip_tracking":false,"_monsterinsights_sitenote_active":false,"_monsterinsights_sitenote_note":"","_monsterinsights_sitenote_category":0,"footnotes":""},"class_list":["post-281","page","type-page","status-publish","hentry"],"aioseo_notices":[],"_links":{"self":[{"href":"https:\/\/aumi.lt\/index.php\/wp-json\/wp\/v2\/pages\/281","targetHints":{"allow":["GET"]}}],"collection":[{"href":"https:\/\/aumi.lt\/index.php\/wp-json\/wp\/v2\/pages"}],"about":[{"href":"https:\/\/aumi.lt\/index.php\/wp-json\/wp\/v2\/types\/page"}],"author":[{"embeddable":true,"href":"https:\/\/aumi.lt\/index.php\/wp-json\/wp\/v2\/users\/3"}],"replies":[{"embeddable":true,"href":"https:\/\/aumi.lt\/index.php\/wp-json\/wp\/v2\/comments?post=281"}],"version-history":[{"count":2,"href":"https:\/\/aumi.lt\/index.php\/wp-json\/wp\/v2\/pages\/281\/revisions"}],"predecessor-version":[{"id":314,"href":"https:\/\/aumi.lt\/index.php\/wp-json\/wp\/v2\/pages\/281\/revisions\/314"}],"wp:attachment":[{"href":"https:\/\/aumi.lt\/index.php\/wp-json\/wp\/v2\/media?parent=281"}],"curies":[{"name":"wp","href":"https:\/\/api.w.org\/{rel}","templated":true}]}}