{"id":279,"date":"2023-01-26T15:55:45","date_gmt":"2023-01-26T13:55:45","guid":{"rendered":"https:\/\/aumi.lt\/?page_id=279"},"modified":"2024-03-25T17:11:51","modified_gmt":"2024-03-25T15:11:51","slug":"kondicionieriu-pildymas","status":"publish","type":"page","link":"https:\/\/aumi.lt\/index.php\/kondicionieriu-pildymas\/","title":{"rendered":"Kondicionieri\u0173 pildymas"},"content":{"rendered":"<div class=\"wp-block-image\">\n<figure class=\"aligncenter size-full is-resized\"><img loading=\"lazy\" decoding=\"async\" width=\"960\" height=\"960\" src=\"https:\/\/aumi.lt\/wp-content\/uploads\/2022\/10\/B33D5AE0-9757-4E8D-AE2D-07A8ECF2E4D3.jpeg\" alt=\"\" class=\"wp-image-109\" style=\"width:316px;height:316px\" srcset=\"https:\/\/aumi.lt\/wp-content\/uploads\/2022\/10\/B33D5AE0-9757-4E8D-AE2D-07A8ECF2E4D3.jpeg 960w, https:\/\/aumi.lt\/wp-content\/uploads\/2022\/10\/B33D5AE0-9757-4E8D-AE2D-07A8ECF2E4D3-300x300.jpeg 300w, https:\/\/aumi.lt\/wp-content\/uploads\/2022\/10\/B33D5AE0-9757-4E8D-AE2D-07A8ECF2E4D3-150x150.jpeg 150w, https:\/\/aumi.lt\/wp-content\/uploads\/2022\/10\/B33D5AE0-9757-4E8D-AE2D-07A8ECF2E4D3-768x768.jpeg 768w\" sizes=\"auto, (max-width: 960px) 100vw, 960px\" \/><\/figure>\n<\/div>\n\n\n<p>Pildome tik Europos S\u0105jungos reglamentuot\u0105 freon\u0105. Dirbame su profesionalia, pa\u017eangia ir nauja \u012franga.<\/p>\n\n\n\n<p><strong>Standartin\u0117 kaina: 7\u20ac\/100g. <\/strong><\/p>\n\n\n\n<p><strong>(Patikra, vakumavimas, sandarumo patikra, tepalo u\u017epildymas, UV da\u017e\u0173 u\u017epildymas.) &#8211; 15\u20ac.<\/strong><\/p>\n","protected":false},"excerpt":{"rendered":"<p>Pildome tik Europos S\u0105jungos reglamentuot\u0105 freon\u0105. Dirbame su profesionalia, pa\u017eangia ir nauja \u012franga. Standartin\u0117 kaina: 7\u20ac\/100g. (Patikra, vakumavimas, sandarumo patikra, tepalo u\u017epildymas, UV da\u017e\u0173 u\u017epildymas.) &#8211; 15\u20ac.<\/p>\n","protected":false},"author":3,"featured_media":0,"parent":0,"menu_order":0,"comment_status":"closed","ping_status":"closed","template":"","meta":{"om_disable_all_campaigns":false,"_monsterinsights_skip_tracking":false,"_monsterinsights_sitenote_active":false,"_monsterinsights_sitenote_note":"","_monsterinsights_sitenote_category":0,"footnotes":""},"class_list":["post-279","page","type-page","status-publish","hentry"],"aioseo_notices":[],"_links":{"self":[{"href":"https:\/\/aumi.lt\/index.php\/wp-json\/wp\/v2\/pages\/279","targetHints":{"allow":["GET"]}}],"collection":[{"href":"https:\/\/aumi.lt\/index.php\/wp-json\/wp\/v2\/pages"}],"about":[{"href":"https:\/\/aumi.lt\/index.php\/wp-json\/wp\/v2\/types\/page"}],"author":[{"embeddable":true,"href":"https:\/\/aumi.lt\/index.php\/wp-json\/wp\/v2\/users\/3"}],"replies":[{"embeddable":true,"href":"https:\/\/aumi.lt\/index.php\/wp-json\/wp\/v2\/comments?post=279"}],"version-history":[{"count":3,"href":"https:\/\/aumi.lt\/index.php\/wp-json\/wp\/v2\/pages\/279\/revisions"}],"predecessor-version":[{"id":880,"href":"https:\/\/aumi.lt\/index.php\/wp-json\/wp\/v2\/pages\/279\/revisions\/880"}],"wp:attachment":[{"href":"https:\/\/aumi.lt\/index.php\/wp-json\/wp\/v2\/media?parent=279"}],"curies":[{"name":"wp","href":"https:\/\/api.w.org\/{rel}","templated":true}]}}