{"id":271,"date":"2023-01-25T17:50:06","date_gmt":"2023-01-25T15:50:06","guid":{"rendered":"https:\/\/aumi.lt\/?page_id=271"},"modified":"2025-01-21T14:52:28","modified_gmt":"2025-01-21T12:52:28","slug":"tpms-padangu-slegio-davikliai","status":"publish","type":"page","link":"https:\/\/aumi.lt\/index.php\/tpms-padangu-slegio-davikliai\/","title":{"rendered":"TPMS padang\u0173 sl\u0117gio davikliai"},"content":{"rendered":"\n<figure class=\"wp-block-gallery has-nested-images columns-default is-cropped wp-block-gallery-1 is-layout-flex wp-block-gallery-is-layout-flex\">\n<figure class=\"wp-block-image size-large\"><img loading=\"lazy\" decoding=\"async\" width=\"1024\" height=\"576\" data-id=\"1003\" src=\"https:\/\/aumi.lt\/wp-content\/uploads\/2024\/07\/DSC07973-1-1024x576.jpeg\" alt=\"\" class=\"wp-image-1003\" srcset=\"https:\/\/aumi.lt\/wp-content\/uploads\/2024\/07\/DSC07973-1-1024x576.jpeg 1024w, https:\/\/aumi.lt\/wp-content\/uploads\/2024\/07\/DSC07973-1-300x169.jpeg 300w, https:\/\/aumi.lt\/wp-content\/uploads\/2024\/07\/DSC07973-1-768x432.jpeg 768w, https:\/\/aumi.lt\/wp-content\/uploads\/2024\/07\/DSC07973-1-1536x864.jpeg 1536w, https:\/\/aumi.lt\/wp-content\/uploads\/2024\/07\/DSC07973-1-2048x1152.jpeg 2048w, https:\/\/aumi.lt\/wp-content\/uploads\/2024\/07\/DSC07973-1-1200x675.jpeg 1200w, https:\/\/aumi.lt\/wp-content\/uploads\/2024\/07\/DSC07973-1-1980x1113.jpeg 1980w\" sizes=\"auto, (max-width: 1024px) 100vw, 1024px\" \/><\/figure>\n\n\n\n<figure class=\"wp-block-image size-large\"><img loading=\"lazy\" decoding=\"async\" width=\"1024\" height=\"576\" data-id=\"1002\" src=\"https:\/\/aumi.lt\/wp-content\/uploads\/2024\/07\/DSC07976-1024x576.jpeg\" alt=\"\" class=\"wp-image-1002\" srcset=\"https:\/\/aumi.lt\/wp-content\/uploads\/2024\/07\/DSC07976-1024x576.jpeg 1024w, https:\/\/aumi.lt\/wp-content\/uploads\/2024\/07\/DSC07976-300x169.jpeg 300w, https:\/\/aumi.lt\/wp-content\/uploads\/2024\/07\/DSC07976-768x432.jpeg 768w, https:\/\/aumi.lt\/wp-content\/uploads\/2024\/07\/DSC07976-1536x864.jpeg 1536w, https:\/\/aumi.lt\/wp-content\/uploads\/2024\/07\/DSC07976-2048x1152.jpeg 2048w, https:\/\/aumi.lt\/wp-content\/uploads\/2024\/07\/DSC07976-1200x675.jpeg 1200w, https:\/\/aumi.lt\/wp-content\/uploads\/2024\/07\/DSC07976-1980x1113.jpeg 1980w\" sizes=\"auto, (max-width: 1024px) 100vw, 1024px\" \/><\/figure>\n<\/figure>\n\n\n\n<figure class=\"wp-block-gallery has-nested-images columns-default is-cropped wp-block-gallery-2 is-layout-flex wp-block-gallery-is-layout-flex\">\n<figure class=\"wp-block-image size-large\"><img loading=\"lazy\" decoding=\"async\" width=\"768\" height=\"1024\" data-id=\"1085\" src=\"https:\/\/aumi.lt\/wp-content\/uploads\/2025\/01\/IMG_0770-3-768x1024.jpeg\" alt=\"\" class=\"wp-image-1085\" srcset=\"https:\/\/aumi.lt\/wp-content\/uploads\/2025\/01\/IMG_0770-3-768x1024.jpeg 768w, https:\/\/aumi.lt\/wp-content\/uploads\/2025\/01\/IMG_0770-3-225x300.jpeg 225w, https:\/\/aumi.lt\/wp-content\/uploads\/2025\/01\/IMG_0770-3-1152x1536.jpeg 1152w, https:\/\/aumi.lt\/wp-content\/uploads\/2025\/01\/IMG_0770-3-1536x2048.jpeg 1536w, https:\/\/aumi.lt\/wp-content\/uploads\/2025\/01\/IMG_0770-3-1200x1600.jpeg 1200w, https:\/\/aumi.lt\/wp-content\/uploads\/2025\/01\/IMG_0770-3-1980x2640.jpeg 1980w, https:\/\/aumi.lt\/wp-content\/uploads\/2025\/01\/IMG_0770-3-scaled.jpeg 1920w\" sizes=\"auto, (max-width: 768px) 100vw, 768px\" \/><\/figure>\n\n\n\n<figure class=\"wp-block-image size-large\"><img loading=\"lazy\" decoding=\"async\" width=\"768\" height=\"1024\" data-id=\"1086\" src=\"https:\/\/aumi.lt\/wp-content\/uploads\/2025\/01\/IMG_0769-3-768x1024.jpeg\" alt=\"\" class=\"wp-image-1086\" srcset=\"https:\/\/aumi.lt\/wp-content\/uploads\/2025\/01\/IMG_0769-3-768x1024.jpeg 768w, https:\/\/aumi.lt\/wp-content\/uploads\/2025\/01\/IMG_0769-3-225x300.jpeg 225w, https:\/\/aumi.lt\/wp-content\/uploads\/2025\/01\/IMG_0769-3-1152x1536.jpeg 1152w, https:\/\/aumi.lt\/wp-content\/uploads\/2025\/01\/IMG_0769-3-1536x2048.jpeg 1536w, https:\/\/aumi.lt\/wp-content\/uploads\/2025\/01\/IMG_0769-3-1200x1600.jpeg 1200w, https:\/\/aumi.lt\/wp-content\/uploads\/2025\/01\/IMG_0769-3-1980x2640.jpeg 1980w, https:\/\/aumi.lt\/wp-content\/uploads\/2025\/01\/IMG_0769-3-scaled.jpeg 1920w\" sizes=\"auto, (max-width: 768px) 100vw, 768px\" \/><\/figure>\n<\/figure>\n\n\n\n<p><strong>TPMS sl\u0117gio davikli\u0173 kainos:<\/strong><\/p>\n\n\n\n<p><strong>\u2022 Autel &#8211; 30\u20ac\/1 vnt.<\/strong><\/p>\n\n\n\n<p><strong>\u2022 Hamaton &#8211; 35\u20ac\/1 vnt.<\/strong><\/p>\n\n\n\n<p> <strong>\u2022 Schrader &#8211; 40\u20ac\/1 vnt.<\/strong><\/p>\n\n\n\n<p><strong>NAUJIENA!\u00a0Autel TPMS TESLA modeli\u0173\u00a0daviklio kaina \u2013 65\u20ac\/1 vnt.<\/strong><\/p>\n\n\n\n<p><strong>TPMS sl\u0117gio davikli\u0173 diagnostikos patikra \u2013 10\u20ac\/4 vnt.<\/strong><\/p>\n\n\n\n<p><strong>TPMS davikli\u0173 programavimas\/priri\u0161imas&nbsp;prie automobilio \u2013 15\u20ac\/4 vnt.<\/strong><\/p>\n\n\n\n<p><strong>Garantija \u2013 2 metai.<\/strong><\/p>\n\n\n\n<p><strong>PADANG\u0172 SL\u0116GIO DAVIKLI\u0172 (TMPS) DIAGNOSTIKA IR PROGRAMAVIMAS<\/strong> <\/p>\n\n\n\n<p>\u2022  Patikimo gamintojo AUTEL sl\u0117gio davikliai. Tarnavimo laikas 4 &#8211; 6 metai.<\/p>\n\n\n\n<p>\u2022  Garantija 2 metai.<\/p>\n\n\n\n<p>\u2022  Galime pasi\u016blyti j\u016bs\u0173 automobiliui sl\u0117gio davikli\u0173 tiek EU, tiek USA.<\/p>\n\n\n\n<p>\u2022  Pa\u017eangios&nbsp;tiesiogin\u0117s sl\u0117gio matavimo sistemos, fiksuojan\u010dios net ma\u017eus sl\u0117gio ir temperat\u016bros skirtumus kiekviename rate.<\/p>\n\n\n\n<p>\u2022  Sl\u0117gio davikliai yra programuojami su originalia automobilio TPMS sistema.<\/p>\n\n\n\n<p><strong>ATLIEKAMI DARBAI:<u><\/u><u><\/u><\/strong><\/p>\n\n\n\n<div class=\"wp-block-group\"><div class=\"wp-block-group__inner-container is-layout-constrained wp-block-group-is-layout-constrained\">\n<p>\u2022  Sl\u0117gio davikli\u0173 diagnostika ir keitimas.<\/p>\n\n\n\n<p>\u2022  Sl\u0117gio davikli\u0173 programavimas su AUTEL Maxi TPMS IT600 sistema.<\/p>\n\n\n\n<p>\u2022  Padang\u0173 sl\u0117gio davikli\u0173&nbsp;<strong>klonavimas<\/strong>&nbsp;nuo&nbsp;<strong>OEM davikli\u0173 arba j\u016bs\u0173 automobilio<\/strong>. Prana\u0161umas \u2013 j\u016bs\u0173 automobilis, galvoja, kad tai yra tie patys davikliai ant j\u016bs\u0173 automobilio. Nereikia kiekvien\u0105 kart\u0105 kei\u010diant ratus perprogramuoti daviklius.<\/p>\n\n\n\n<p>\u2022  Sl\u0117gio davikli\u0173 remontas: j\u0173 tarpini\u0173 arba tik pa\u010di\u0173 galvu\u010di\u0173 pakeitimas. Toyota\/Lexus\/Renault ir kai kurie kiti automobili\u0173 marki\u0173 OEM sl\u0117gio davikliai&nbsp;yra <strong>neremontuojami<\/strong>, nes galvut\u0117s b\u016bna sulietos su davikliu arba u\u017er\u016bdijusios, neatsisuka arba besukant nul\u016b\u017eta. Tokiu atveju siulome nauj\u0105 AUTEL sl\u0117gio davikl\u012f.<\/p>\n\n\n\n<p>\u2022  Turime plat\u0173 sl\u0117gio davikli\u0173 galvu\u010di\u0173 pasirinkim\u0105.<\/p>\n\n\n\n<p><strong>OEM gamitoj\u0173 padang\u0173 sl\u0117gio davikliai, negali b\u016bti perprogramuoti kitam automobilio modeliui.<\/strong><\/p>\n\n\n\n<p><strong>OEM ir visi kiti ne OEM davikliai, yra neremontuojami &#8211; nekei\u010diami elementai, neklijuojami, nelituojami ir t.t.<\/strong><\/p>\n\n\n\n<p><strong>*OEM \u2013 (OEM, OR ORIGINAL EQUIPMENT MANUFACTURER)&nbsp;<\/strong>ORIGINALIOS \u012eRANGOS GAMINTOJAS.<\/p>\n<\/div><\/div>\n\n\n\n<p><strong>PADANG\u0172 SL\u0116GIO SISTEMOS NAUDA:<\/strong><\/p>\n\n\n\n<p>\u2022  Didesnis saugumas.<\/p>\n\n\n\n<p>\u2022  Ilgesnis padang\u0173 tarnavimo laikas.<\/p>\n\n\n\n<p>\u2022  Ma\u017eesn\u0117s degal\u0173 s\u0105naudos.<\/p>\n\n\n\n<p>\u2022  Nuo 2014 met\u0173 lapkri\u010dio 1 d. visi ES parduodami automobiliai turi tur\u0117ti&nbsp;padang\u0173 sl\u0117gio steb\u0117jimo sistemas (TPMS).<\/p>\n\n\n\n<p><strong>TIESIOGINIS IR NETIESIOGINIS TPMS TIPAI:<\/strong><\/p>\n\n\n\n<p>\u012e automobilius diegiamos dviej\u0173 tip\u0173 sistemos:<\/p>\n\n\n\n<p><strong>Netiesiogin\u0117 TPMS sistema (Indirect TPMS):<\/strong><\/p>\n\n\n\n<p>Netiesiogin\u0117 TPMS sistema i\u0161skai\u010diuoja padang\u0173 sl\u0117g\u012f pagal rato sukimosi greit\u012f, naudojant ABS\/ESP sistem\u0105. Padangoje kurioje sl\u0117gis krenta \u2013 automobilio ratas sukasi grei\u010diau, per t\u0105 pat\u012f atstum\u0105 padaro daugiau apsisukim\u0173 nei ratas su normaliu oro sl\u0117giu. Tai apskai\u010diuoja kompiuteris ir informuoja vairuotoj\u0105 prietais\u0173 skydelyje apie pasikeitus\u012f padangos sl\u0117g\u012f.<\/p>\n\n\n\n<p>Netiesiogin\u0117s TPMS sistemos privalumai:<\/p>\n\n\n\n<p class=\"Lists\">\u2022  Naudojamos automobilyje esan\u010dios sistemos ABS\/ESP, bei nereikia papildom\u0173 investicij\u0173 sl\u0117gio jutikliams, paprastesnis aptarnavimas (nereikia spec. \u012frangos).<\/p>\n\n\n\n<p>Netiesiogin\u0117s TPMS sistemos tr\u016bkumai:<\/p>\n\n\n\n<p>\u2022  Padang\u0173 sl\u0117gis nematuojamas stovint. Pradedama matuoti tik automobiliui pasiekus 30km\/h greit\u012f.<\/p>\n\n\n\n<p>\u2022  Sistema nematuoja faktinio kiekvienos padangos sl\u0117gio.<\/p>\n\n\n\n<p>\u2022  Jei vis\u0173 padang\u0173 sl\u0117gio skirtumas bus apytiksliai vienodas, automobilio kompiuteris \u012fsp\u0117jimo vairuotojui neprane\u0161.<\/p>\n\n\n\n<p><strong>Tiesiogin\u0117 TPMS sistema (Direct TPMS):<\/strong><\/p>\n\n\n\n<p>Automobiliuose su tiesiogine TPMS sistema padang\u0173 sl\u0117gio jutikliai yra sumontuoti atskirai kiekvienoje padangoje (ventiliuose). Padangos oro sl\u0117giui nukritus daugiau nei 25% nuo rekomenduojamos ribos, apie tai vairuotojas informuojamas prietais\u0173 skydelyje. \u0160i sistema da\u017eniau montuojama \u012f auk\u0161tesn\u0117s klas\u0117s ar prabangesnius automobilius.<\/p>\n\n\n\n<p>Tiesiogin\u0117s TPMS sistemos privalumai:<\/p>\n\n\n\n<p>\u2022  \u0160ios sistemos pagrindinis privalumas yra tas, jog kiekvienas jutiklis matuoja atskiroje padangoje esant\u012f sl\u0117g\u012f ir temperat\u016br\u0105, tod\u0117l nepavyks \u201eapgauti\u201c ir automobilio kompiuterio jei vis\u0173 padang\u0173 sl\u0117gis bus per \u017eemas.<\/p>\n\n\n\n<p>\u2022  Sl\u0117gis matuojamas visada \u2013 net ir automobiliui stovint.<\/p>\n\n\n\n<p>Tiesiogin\u0117s TPMS sistemos tr\u016bkumai:<\/p>\n\n\n\n<p>\u2022  \u012esigyjant nauj\u0105 ratlanki\u0173 komplekt\u0105, reikalingos papildomos i\u0161laidos naujiems TPMS sl\u0117gio jutikliams.<\/p>\n\n\n\n<p>\u2022  Jutiklio baterijos tarnavimo laikas \u2013 apie 5 \u2013 10 met\u0173 (esant \u017eemai oro temperat\u016brai tarnavimo laikas trump\u0117ja grei\u010diau). Da\u017eniausiai baterijos b\u016bna nekei\u010diamos, tod\u0117l i\u0161sikrovus tenka pirkti vis\u0105 nauj\u0105 davikl\u012f.<\/p>\n\n\n\n<p>\u2022  Papildoma \u012franga ir sud\u0117tingesnis aptarnavimas (reikia spec. \u012frangos).<\/p>\n\n\n\n<p>\u2022  Automobili\u0173, turin\u010di\u0173 tiesiogin\u0119 TPMS sistem\u0105, kasmet daug\u0117ja.<\/p>\n\n\n\n<p><strong>TPMS programavimo \u012franga<\/strong><\/p>\n\n\n\n<p>\u012emontuoti TPMS original\u016bs jutikliai tarnauja iki 10 met\u0173. D\u0117l atsiradusi\u0173 pa\u017eeidim\u0173, korozijos ar i\u0161sikrovusios baterijos tenka juos keisti naujais. Tam reikalinga TPMS diagnostin\u0117 \u012franga. Nauj\u0105 jutikl\u012f b\u016btina \u201epriri\u0161ti\u201c \u2013 programuoti prie automobilio.<\/p>\n\n\n\n<p><strong>KOKIA PADANG\u0172 SL\u0116GIO DAVIKLI\u0172 REMONTO KAINA?<\/strong><\/p>\n\n\n\n<p>Padang\u0173 sl\u0117gio davikli\u0173 (TPMS) remonto ir programavimo kaina priklauso nuo automobilio modelio. Jeigu turite klausim\u0173, ar norite su\u017einoti darb\u0173 kain\u0105, kvie\u010diame susisiekti su m\u016bs\u0173 autoservisu.<\/p>\n\n\n\n<div class=\"wp-block-buttons is-content-justification-center is-layout-flex wp-container-core-buttons-is-layout-16018d1d wp-block-buttons-is-layout-flex\">\n<div class=\"wp-block-button\"><a class=\"wp-block-button__link wp-element-button\" href=\"http:\/\/+37060365493\/\">+370 (603) 65 493<\/a><\/div>\n\n\n\n<div class=\"wp-block-button\"><a class=\"wp-block-button__link wp-element-button\" href=\"mailto:aumipadangos@gmail.com\">aumipadangos@gmail.com<\/a><\/div>\n\n\n\n<div class=\"wp-block-button\"><a class=\"wp-block-button__link wp-element-button\" href=\"https:\/\/www.facebook.com\/aumipadangos\/\">facebook<\/a><\/div>\n<\/div>\n\n\n\n<p><strong>TPMS sl\u0117gio davikli\u0173 kainos:<\/strong><\/p>\n\n\n\n<p> <strong>\u2022 Autel &#8211; 30\u20ac\/1 vnt.<\/strong><\/p>\n\n\n\n<p><strong>\u2022 Hamaton &#8211; 35\u20ac\/1 vnt.<\/strong><\/p>\n\n\n\n<p> <strong>\u2022 Schrader &#8211; 40\u20ac\/1 vnt.<\/strong><\/p>\n\n\n\n<p><strong>NAUJIENA!\u00a0Autel TPMS TESLA modeli\u0173\u00a0daviklio kaina \u2013 65\u20ac\/1 vnt.<\/strong><\/p>\n\n\n\n<p><strong>TPMS sl\u0117gio davikli\u0173 diagnostika patikra \u2013 10\u20ac\/4 vnt.<\/strong><\/p>\n\n\n\n<p><strong>TPMS davikli\u0173 programavimas\/priri\u0161imas&nbsp;prie automobilio \u2013 15\u20ac\/4 vnt.<\/strong><\/p>\n\n\n\n<p><strong>Garantija \u2013 2 metai.<\/strong><\/p>\n","protected":false},"excerpt":{"rendered":"<p>TPMS sl\u0117gio davikli\u0173 kainos: \u2022 Autel &#8211; 30\u20ac\/1 vnt. \u2022 Hamaton &#8211; 35\u20ac\/1 vnt. \u2022 Schrader &#8211; 40\u20ac\/1 vnt. NAUJIENA!\u00a0Autel TPMS TESLA modeli\u0173\u00a0daviklio kaina \u2013 65\u20ac\/1 vnt. TPMS sl\u0117gio davikli\u0173 diagnostikos patikra \u2013 10\u20ac\/4 vnt. TPMS davikli\u0173 programavimas\/priri\u0161imas&nbsp;prie automobilio \u2013 15\u20ac\/4 vnt. Garantija \u2013 2 metai. PADANG\u0172 SL\u0116GIO DAVIKLI\u0172 (TMPS) DIAGNOSTIKA IR PROGRAMAVIMAS \u2022 Patikimo [&hellip;]<\/p>\n","protected":false},"author":3,"featured_media":0,"parent":0,"menu_order":0,"comment_status":"closed","ping_status":"closed","template":"","meta":{"om_disable_all_campaigns":false,"_monsterinsights_skip_tracking":false,"_monsterinsights_sitenote_active":false,"_monsterinsights_sitenote_note":"","_monsterinsights_sitenote_category":0,"footnotes":""},"class_list":["post-271","page","type-page","status-publish","hentry"],"aioseo_notices":[],"_links":{"self":[{"href":"https:\/\/aumi.lt\/index.php\/wp-json\/wp\/v2\/pages\/271","targetHints":{"allow":["GET"]}}],"collection":[{"href":"https:\/\/aumi.lt\/index.php\/wp-json\/wp\/v2\/pages"}],"about":[{"href":"https:\/\/aumi.lt\/index.php\/wp-json\/wp\/v2\/types\/page"}],"author":[{"embeddable":true,"href":"https:\/\/aumi.lt\/index.php\/wp-json\/wp\/v2\/users\/3"}],"replies":[{"embeddable":true,"href":"https:\/\/aumi.lt\/index.php\/wp-json\/wp\/v2\/comments?post=271"}],"version-history":[{"count":18,"href":"https:\/\/aumi.lt\/index.php\/wp-json\/wp\/v2\/pages\/271\/revisions"}],"predecessor-version":[{"id":1090,"href":"https:\/\/aumi.lt\/index.php\/wp-json\/wp\/v2\/pages\/271\/revisions\/1090"}],"wp:attachment":[{"href":"https:\/\/aumi.lt\/index.php\/wp-json\/wp\/v2\/media?parent=271"}],"curies":[{"name":"wp","href":"https:\/\/api.w.org\/{rel}","templated":true}]}}