{"id":263,"date":"2023-01-25T16:01:44","date_gmt":"2023-01-25T14:01:44","guid":{"rendered":"https:\/\/aumi.lt\/?page_id=263"},"modified":"2025-01-22T13:28:47","modified_gmt":"2025-01-22T11:28:47","slug":"strongratlankiu-oksidacijos-korozijos-salinimas-strong","status":"publish","type":"page","link":"https:\/\/aumi.lt\/index.php\/strongratlankiu-oksidacijos-korozijos-salinimas-strong\/","title":{"rendered":"Ratlanki\u0173 ir stebuli\u0173 oksidacijos\/korozijos \u0161alinimas"},"content":{"rendered":"<div class=\"wp-block-image\">\n<figure class=\"aligncenter size-full is-resized\"><img loading=\"lazy\" decoding=\"async\" width=\"960\" height=\"960\" src=\"https:\/\/aumi.lt\/wp-content\/uploads\/2022\/10\/C2880682-192D-478A-9E80-795CB916BF8B.jpeg\" alt=\"\" class=\"wp-image-111\" style=\"width:294px;height:294px\" srcset=\"https:\/\/aumi.lt\/wp-content\/uploads\/2022\/10\/C2880682-192D-478A-9E80-795CB916BF8B.jpeg 960w, https:\/\/aumi.lt\/wp-content\/uploads\/2022\/10\/C2880682-192D-478A-9E80-795CB916BF8B-300x300.jpeg 300w, https:\/\/aumi.lt\/wp-content\/uploads\/2022\/10\/C2880682-192D-478A-9E80-795CB916BF8B-150x150.jpeg 150w, https:\/\/aumi.lt\/wp-content\/uploads\/2022\/10\/C2880682-192D-478A-9E80-795CB916BF8B-768x768.jpeg 768w\" sizes=\"auto, (max-width: 960px) 100vw, 960px\" \/><\/figure>\n<\/div>\n\n\n<p><strong>Ratlanki\u0173 oksidacijos\/korozijos \u0161alinimas<\/strong><\/p>\n\n\n\n<div class=\"wp-block-columns is-layout-flex wp-container-core-columns-is-layout-9d6595d7 wp-block-columns-is-layout-flex\">\n<div class=\"wp-block-column is-layout-flow wp-block-column-is-layout-flow\">\n<p>Da\u017ena problema, kurios vairuotojas savo akimi negali pasteb\u0117ti, tai aliumininio ratlankio kantelio prasid\u0117jusi oksidacija. Ta pati situacija b\u016bna ir su plieniniais \u0161tampuotais ratlankiais, ant j\u0173 atsiranda korozija \u2013 r\u016bdys. To pasekoje, susidaro tarpelis tarp ratlankio ir padangos prispaudimo vietos ir oras i\u0161eina i\u0161 padangos pama\u017eu.<\/p>\n\n\n\n<p>Ratlankius nu\u0161veisime, pa\u0161alinsime oksidacijos ir korozijos \u017eindinius ir hermetizuosime.<\/p>\n\n\n\n<p>Duodama 1-neri\u0173 met\u0173, kad nebus oro nutek\u0117jim\u0173 tarp ratlankio ir padangos bei ventilio. Taip pat 15d. garantija nuo prad\u016brimo, jei ka\u017ek\u0105 praleidome.<\/p>\n\n\n\n<p><strong>Kaina 5\u20ac\/1 vnt.<\/strong><\/p>\n<\/div>\n<\/div>\n\n\n\n<figure class=\"wp-block-gallery has-nested-images columns-default is-cropped wp-block-gallery-1 is-layout-flex wp-block-gallery-is-layout-flex\">\n<figure class=\"wp-block-image size-large\"><img loading=\"lazy\" decoding=\"async\" width=\"1024\" height=\"768\" data-id=\"377\" src=\"https:\/\/aumi.lt\/wp-content\/uploads\/2023\/02\/1C7F0499-5D17-42CF-831C-C85E401A5A04-1024x768.jpeg\" alt=\"\" class=\"wp-image-377\" srcset=\"https:\/\/aumi.lt\/wp-content\/uploads\/2023\/02\/1C7F0499-5D17-42CF-831C-C85E401A5A04-1024x768.jpeg 1024w, https:\/\/aumi.lt\/wp-content\/uploads\/2023\/02\/1C7F0499-5D17-42CF-831C-C85E401A5A04-300x225.jpeg 300w, https:\/\/aumi.lt\/wp-content\/uploads\/2023\/02\/1C7F0499-5D17-42CF-831C-C85E401A5A04-768x576.jpeg 768w, https:\/\/aumi.lt\/wp-content\/uploads\/2023\/02\/1C7F0499-5D17-42CF-831C-C85E401A5A04-1536x1152.jpeg 1536w, https:\/\/aumi.lt\/wp-content\/uploads\/2023\/02\/1C7F0499-5D17-42CF-831C-C85E401A5A04-1200x900.jpeg 1200w, https:\/\/aumi.lt\/wp-content\/uploads\/2023\/02\/1C7F0499-5D17-42CF-831C-C85E401A5A04-1980x1485.jpeg 1980w, https:\/\/aumi.lt\/wp-content\/uploads\/2023\/02\/1C7F0499-5D17-42CF-831C-C85E401A5A04.jpeg 2048w\" sizes=\"auto, (max-width: 1024px) 100vw, 1024px\" \/><\/figure>\n\n\n\n<figure class=\"wp-block-image size-large\"><img loading=\"lazy\" decoding=\"async\" width=\"1024\" height=\"768\" data-id=\"378\" src=\"https:\/\/aumi.lt\/wp-content\/uploads\/2023\/02\/BF3D6768-AD78-4721-A0F8-05BDBD82B8CD-1024x768.jpeg\" alt=\"\" class=\"wp-image-378\" srcset=\"https:\/\/aumi.lt\/wp-content\/uploads\/2023\/02\/BF3D6768-AD78-4721-A0F8-05BDBD82B8CD-1024x768.jpeg 1024w, https:\/\/aumi.lt\/wp-content\/uploads\/2023\/02\/BF3D6768-AD78-4721-A0F8-05BDBD82B8CD-300x225.jpeg 300w, https:\/\/aumi.lt\/wp-content\/uploads\/2023\/02\/BF3D6768-AD78-4721-A0F8-05BDBD82B8CD-768x576.jpeg 768w, https:\/\/aumi.lt\/wp-content\/uploads\/2023\/02\/BF3D6768-AD78-4721-A0F8-05BDBD82B8CD-1536x1152.jpeg 1536w, https:\/\/aumi.lt\/wp-content\/uploads\/2023\/02\/BF3D6768-AD78-4721-A0F8-05BDBD82B8CD-1200x900.jpeg 1200w, https:\/\/aumi.lt\/wp-content\/uploads\/2023\/02\/BF3D6768-AD78-4721-A0F8-05BDBD82B8CD-1980x1485.jpeg 1980w, https:\/\/aumi.lt\/wp-content\/uploads\/2023\/02\/BF3D6768-AD78-4721-A0F8-05BDBD82B8CD.jpeg 2048w\" sizes=\"auto, (max-width: 1024px) 100vw, 1024px\" \/><\/figure>\n<\/figure>\n\n\n\n<figure class=\"wp-block-gallery has-nested-images columns-default is-cropped wp-block-gallery-2 is-layout-flex wp-block-gallery-is-layout-flex\">\n<figure class=\"wp-block-image size-large\"><img loading=\"lazy\" decoding=\"async\" width=\"968\" height=\"1024\" data-id=\"380\" src=\"https:\/\/aumi.lt\/wp-content\/uploads\/2023\/02\/B02DF2E6-34DB-45F3-B4E3-D6E4A2E3B5DB-968x1024.jpeg\" alt=\"\" class=\"wp-image-380\" srcset=\"https:\/\/aumi.lt\/wp-content\/uploads\/2023\/02\/B02DF2E6-34DB-45F3-B4E3-D6E4A2E3B5DB-968x1024.jpeg 968w, https:\/\/aumi.lt\/wp-content\/uploads\/2023\/02\/B02DF2E6-34DB-45F3-B4E3-D6E4A2E3B5DB-284x300.jpeg 284w, https:\/\/aumi.lt\/wp-content\/uploads\/2023\/02\/B02DF2E6-34DB-45F3-B4E3-D6E4A2E3B5DB-768x813.jpeg 768w, https:\/\/aumi.lt\/wp-content\/uploads\/2023\/02\/B02DF2E6-34DB-45F3-B4E3-D6E4A2E3B5DB-1452x1536.jpeg 1452w, https:\/\/aumi.lt\/wp-content\/uploads\/2023\/02\/B02DF2E6-34DB-45F3-B4E3-D6E4A2E3B5DB-1200x1270.jpeg 1200w, https:\/\/aumi.lt\/wp-content\/uploads\/2023\/02\/B02DF2E6-34DB-45F3-B4E3-D6E4A2E3B5DB.jpeg 1535w\" sizes=\"auto, (max-width: 968px) 100vw, 968px\" \/><\/figure>\n\n\n\n<figure class=\"wp-block-image size-large\"><img loading=\"lazy\" decoding=\"async\" width=\"943\" height=\"1024\" data-id=\"381\" src=\"https:\/\/aumi.lt\/wp-content\/uploads\/2023\/02\/A315DAE8-F34B-484B-AC49-54A903169FC5-943x1024.jpeg\" alt=\"\" class=\"wp-image-381\" srcset=\"https:\/\/aumi.lt\/wp-content\/uploads\/2023\/02\/A315DAE8-F34B-484B-AC49-54A903169FC5-943x1024.jpeg 943w, https:\/\/aumi.lt\/wp-content\/uploads\/2023\/02\/A315DAE8-F34B-484B-AC49-54A903169FC5-276x300.jpeg 276w, https:\/\/aumi.lt\/wp-content\/uploads\/2023\/02\/A315DAE8-F34B-484B-AC49-54A903169FC5-768x834.jpeg 768w, https:\/\/aumi.lt\/wp-content\/uploads\/2023\/02\/A315DAE8-F34B-484B-AC49-54A903169FC5.jpeg 1146w\" sizes=\"auto, (max-width: 943px) 100vw, 943px\" \/><\/figure>\n<\/figure>\n\n\n\n<hr class=\"wp-block-separator has-alpha-channel-opacity\"\/>\n\n\n<div class=\"wp-block-image\">\n<figure class=\"aligncenter size-large is-resized\"><img loading=\"lazy\" decoding=\"async\" width=\"768\" height=\"1024\" src=\"https:\/\/aumi.lt\/wp-content\/uploads\/2025\/01\/IMG_1179-1-768x1024.jpeg\" alt=\"\" class=\"wp-image-1099\" style=\"width:276px;height:auto\" srcset=\"https:\/\/aumi.lt\/wp-content\/uploads\/2025\/01\/IMG_1179-1-768x1024.jpeg 768w, https:\/\/aumi.lt\/wp-content\/uploads\/2025\/01\/IMG_1179-1-225x300.jpeg 225w, https:\/\/aumi.lt\/wp-content\/uploads\/2025\/01\/IMG_1179-1-1152x1536.jpeg 1152w, https:\/\/aumi.lt\/wp-content\/uploads\/2025\/01\/IMG_1179-1-1536x2048.jpeg 1536w, https:\/\/aumi.lt\/wp-content\/uploads\/2025\/01\/IMG_1179-1-1200x1600.jpeg 1200w, https:\/\/aumi.lt\/wp-content\/uploads\/2025\/01\/IMG_1179-1-1980x2640.jpeg 1980w, https:\/\/aumi.lt\/wp-content\/uploads\/2025\/01\/IMG_1179-1-scaled.jpeg 1920w\" sizes=\"auto, (max-width: 768px) 100vw, 768px\" \/><\/figure>\n<\/div>\n\n\n<p><strong>Stebuli\u0173 oksidacijos\/korozijos \u0161alinimas<\/strong><\/p>\n\n\n\n<p><strong>Kaina 20\u20ac\/4 vnt.<\/strong><\/p>\n\n\n\n<figure class=\"wp-block-gallery has-nested-images columns-default is-cropped wp-block-gallery-3 is-layout-flex wp-block-gallery-is-layout-flex\">\n<figure class=\"wp-block-image size-large\"><img loading=\"lazy\" decoding=\"async\" width=\"768\" height=\"1024\" data-id=\"1081\" src=\"https:\/\/aumi.lt\/wp-content\/uploads\/2025\/01\/IMG_1179-768x1024.jpeg\" alt=\"\" class=\"wp-image-1081\" srcset=\"https:\/\/aumi.lt\/wp-content\/uploads\/2025\/01\/IMG_1179-768x1024.jpeg 768w, https:\/\/aumi.lt\/wp-content\/uploads\/2025\/01\/IMG_1179-225x300.jpeg 225w, https:\/\/aumi.lt\/wp-content\/uploads\/2025\/01\/IMG_1179-1152x1536.jpeg 1152w, https:\/\/aumi.lt\/wp-content\/uploads\/2025\/01\/IMG_1179-1536x2048.jpeg 1536w, https:\/\/aumi.lt\/wp-content\/uploads\/2025\/01\/IMG_1179-1200x1600.jpeg 1200w, https:\/\/aumi.lt\/wp-content\/uploads\/2025\/01\/IMG_1179-1980x2640.jpeg 1980w, https:\/\/aumi.lt\/wp-content\/uploads\/2025\/01\/IMG_1179-scaled.jpeg 1920w\" sizes=\"auto, (max-width: 768px) 100vw, 768px\" \/><\/figure>\n\n\n\n<figure class=\"wp-block-image size-large\"><img loading=\"lazy\" decoding=\"async\" width=\"768\" height=\"1024\" data-id=\"1080\" src=\"https:\/\/aumi.lt\/wp-content\/uploads\/2025\/01\/IMG_1182-768x1024.jpeg\" alt=\"\" class=\"wp-image-1080\" srcset=\"https:\/\/aumi.lt\/wp-content\/uploads\/2025\/01\/IMG_1182-768x1024.jpeg 768w, https:\/\/aumi.lt\/wp-content\/uploads\/2025\/01\/IMG_1182-225x300.jpeg 225w, https:\/\/aumi.lt\/wp-content\/uploads\/2025\/01\/IMG_1182-1152x1536.jpeg 1152w, https:\/\/aumi.lt\/wp-content\/uploads\/2025\/01\/IMG_1182-1536x2048.jpeg 1536w, https:\/\/aumi.lt\/wp-content\/uploads\/2025\/01\/IMG_1182-1200x1600.jpeg 1200w, https:\/\/aumi.lt\/wp-content\/uploads\/2025\/01\/IMG_1182-1980x2640.jpeg 1980w, https:\/\/aumi.lt\/wp-content\/uploads\/2025\/01\/IMG_1182-scaled.jpeg 1920w\" sizes=\"auto, (max-width: 768px) 100vw, 768px\" \/><\/figure>\n<\/figure>\n\n\n\n<figure class=\"wp-block-gallery has-nested-images columns-default is-cropped wp-block-gallery-4 is-layout-flex wp-block-gallery-is-layout-flex\">\n<figure class=\"wp-block-image size-large\"><img loading=\"lazy\" decoding=\"async\" width=\"768\" height=\"1024\" data-id=\"1083\" src=\"https:\/\/aumi.lt\/wp-content\/uploads\/2025\/01\/IMG_1178-768x1024.jpeg\" alt=\"\" class=\"wp-image-1083\" srcset=\"https:\/\/aumi.lt\/wp-content\/uploads\/2025\/01\/IMG_1178-768x1024.jpeg 768w, https:\/\/aumi.lt\/wp-content\/uploads\/2025\/01\/IMG_1178-225x300.jpeg 225w, https:\/\/aumi.lt\/wp-content\/uploads\/2025\/01\/IMG_1178-1152x1536.jpeg 1152w, https:\/\/aumi.lt\/wp-content\/uploads\/2025\/01\/IMG_1178-1536x2048.jpeg 1536w, https:\/\/aumi.lt\/wp-content\/uploads\/2025\/01\/IMG_1178-1200x1600.jpeg 1200w, https:\/\/aumi.lt\/wp-content\/uploads\/2025\/01\/IMG_1178-1980x2640.jpeg 1980w, https:\/\/aumi.lt\/wp-content\/uploads\/2025\/01\/IMG_1178-scaled.jpeg 1920w\" sizes=\"auto, (max-width: 768px) 100vw, 768px\" \/><\/figure>\n\n\n\n<figure class=\"wp-block-image size-large\"><img loading=\"lazy\" decoding=\"async\" width=\"768\" height=\"1024\" data-id=\"1082\" src=\"https:\/\/aumi.lt\/wp-content\/uploads\/2025\/01\/IMG_1180-768x1024.jpeg\" alt=\"\" class=\"wp-image-1082\" srcset=\"https:\/\/aumi.lt\/wp-content\/uploads\/2025\/01\/IMG_1180-768x1024.jpeg 768w, https:\/\/aumi.lt\/wp-content\/uploads\/2025\/01\/IMG_1180-225x300.jpeg 225w, https:\/\/aumi.lt\/wp-content\/uploads\/2025\/01\/IMG_1180-1152x1536.jpeg 1152w, https:\/\/aumi.lt\/wp-content\/uploads\/2025\/01\/IMG_1180-1536x2048.jpeg 1536w, https:\/\/aumi.lt\/wp-content\/uploads\/2025\/01\/IMG_1180-1200x1600.jpeg 1200w, https:\/\/aumi.lt\/wp-content\/uploads\/2025\/01\/IMG_1180-1980x2640.jpeg 1980w, https:\/\/aumi.lt\/wp-content\/uploads\/2025\/01\/IMG_1180-scaled.jpeg 1920w\" sizes=\"auto, (max-width: 768px) 100vw, 768px\" \/><\/figure>\n<\/figure>\n\n\n\n<p><\/p>\n","protected":false},"excerpt":{"rendered":"<p>Ratlanki\u0173 oksidacijos\/korozijos \u0161alinimas Da\u017ena problema, kurios vairuotojas savo akimi negali pasteb\u0117ti, tai aliumininio ratlankio kantelio prasid\u0117jusi oksidacija. Ta pati situacija b\u016bna ir su plieniniais \u0161tampuotais ratlankiais, ant j\u0173 atsiranda korozija \u2013 r\u016bdys. To pasekoje, susidaro tarpelis tarp ratlankio ir padangos prispaudimo vietos ir oras i\u0161eina i\u0161 padangos pama\u017eu. Ratlankius nu\u0161veisime, pa\u0161alinsime oksidacijos ir korozijos \u017eindinius [&hellip;]<\/p>\n","protected":false},"author":3,"featured_media":0,"parent":0,"menu_order":0,"comment_status":"closed","ping_status":"closed","template":"","meta":{"om_disable_all_campaigns":false,"_monsterinsights_skip_tracking":false,"_monsterinsights_sitenote_active":false,"_monsterinsights_sitenote_note":"","_monsterinsights_sitenote_category":0,"footnotes":""},"class_list":["post-263","page","type-page","status-publish","hentry"],"aioseo_notices":[],"_links":{"self":[{"href":"https:\/\/aumi.lt\/index.php\/wp-json\/wp\/v2\/pages\/263","targetHints":{"allow":["GET"]}}],"collection":[{"href":"https:\/\/aumi.lt\/index.php\/wp-json\/wp\/v2\/pages"}],"about":[{"href":"https:\/\/aumi.lt\/index.php\/wp-json\/wp\/v2\/types\/page"}],"author":[{"embeddable":true,"href":"https:\/\/aumi.lt\/index.php\/wp-json\/wp\/v2\/users\/3"}],"replies":[{"embeddable":true,"href":"https:\/\/aumi.lt\/index.php\/wp-json\/wp\/v2\/comments?post=263"}],"version-history":[{"count":9,"href":"https:\/\/aumi.lt\/index.php\/wp-json\/wp\/v2\/pages\/263\/revisions"}],"predecessor-version":[{"id":1101,"href":"https:\/\/aumi.lt\/index.php\/wp-json\/wp\/v2\/pages\/263\/revisions\/1101"}],"wp:attachment":[{"href":"https:\/\/aumi.lt\/index.php\/wp-json\/wp\/v2\/media?parent=263"}],"curies":[{"name":"wp","href":"https:\/\/api.w.org\/{rel}","templated":true}]}}