{"id":226,"date":"2023-01-17T17:30:27","date_gmt":"2023-01-17T15:30:27","guid":{"rendered":"https:\/\/aumi.lt\/?page_id=226"},"modified":"2025-07-31T16:06:48","modified_gmt":"2025-07-31T14:06:48","slug":"prekes","status":"publish","type":"page","link":"https:\/\/aumi.lt\/index.php\/prekes\/","title":{"rendered":"Ratlankiai"},"content":{"rendered":"\n<h2 class=\"wp-block-heading\">Turime didel\u012f nauj\u0173 ir naudot\u0173 padang\u0173 asortiment\u0105!<\/h2>\n\n\n\n<h2 class=\"wp-block-heading\">M\u016bs\u0173 prek\u0117s:<\/h2>\n\n\n\n<figure class=\"wp-block-image size-full is-resized\"><a href=\"https:\/\/m.autoplius.lt\/aumipadangos\/skelbimai\/padangos-ratlankiai\/ratlankiai\"><img loading=\"lazy\" decoding=\"async\" width=\"462\" height=\"137\" src=\"https:\/\/aumi.lt\/wp-content\/uploads\/2025\/07\/IMG_4030.png\" alt=\"\" class=\"wp-image-1248\" style=\"width:324px;height:auto\" srcset=\"https:\/\/aumi.lt\/wp-content\/uploads\/2025\/07\/IMG_4030.png 462w, https:\/\/aumi.lt\/wp-content\/uploads\/2025\/07\/IMG_4030-300x89.png 300w\" sizes=\"auto, (max-width: 462px) 100vw, 462px\" \/><\/a><\/figure>\n\n\n\n<h2 class=\"wp-block-heading\">Taip pat si\u016blome ratlanki\u0173 paie\u0161kos paslaug\u0105<\/h2>\n\n\n\n<p>Jeigu ie\u0161kote <strong>nauj\u0173 ar naudot\u0173 ratlanki\u0173<\/strong> savo automobiliui, bet sunku rasti tinkam\u0105 model\u012f, dyd\u012f ar dizain\u0105, mes galime pad\u0117ti!<\/p>\n\n\n\n<div class=\"wp-block-group is-vertical is-layout-flex wp-container-core-group-is-layout-8cf370e7 wp-block-group-is-layout-flex\">\n<p><strong>Kaip \u0161i ratlanki\u0173 paie\u0161kos paslauga veikia:<\/strong><\/p>\n\n\n\n<p>1. <strong>J\u016bs susisiekiate ir pateikiate savo pageidavimus<\/strong> &#8211; ratlanki\u0173 dydis, tipas (lengvojo lydinio, plieniniai \u0161tampuoti, kaltiniai), dizainas ir kainos riba.<\/p>\n\n\n\n<p>2. <strong>Mes atliekame paie\u0161k\u0105<\/strong> &#8211; per\u017ei\u016brime internetines platformas, kontaktuojame su tiek\u0117jais ir patikriname b\u016bkl\u0119 (naudotiems ratlankiams).<\/p>\n\n\n\n<p>3. <strong>Si\u016blome rastus variantus<\/strong> &#8211; atrenkame geriausius pasi\u016blymus pagal J\u016bs\u0173 kriterijus.<\/p>\n\n\n\n<p>4. <strong>J\u016bs renkat\u0117s ir mes u\u017esakome.<\/strong><\/p>\n<\/div>\n\n\n\n<div class=\"wp-block-group is-vertical is-layout-flex wp-container-core-group-is-layout-8cf370e7 wp-block-group-is-layout-flex\">\n<p><strong>Kod\u0117l verta naudotis m\u016bs\u0173 pagalba:<\/strong><\/p>\n\n\n\n<p>\u2022 Sutaupysite laiko &#8211; nereik\u0117s nar\u0161yti de\u0161im\u010di\u0173 skelbim\u0173.<\/p>\n\n\n\n<p>\u2022 Rasite optimal\u0173 variant\u0105 &#8211; pagal kokyb\u0119, kain\u0105 ir J\u016bs\u0173 automobilio reikalavimus.<\/p>\n\n\n\n<p>\u2022 Patikimumas &#8211; patikrinsime pardav\u0117jus ir ratlanki\u0173 b\u016bkl\u0119 (jei perkami naudoti).<\/p>\n<\/div>\n\n\n\n<p><strong>Nesvarbu, ar ie\u0161kote sportini\u0173, i\u0161skirtini\u0173 ar paprast\u0173 ratlanki\u0173 \u2013 mes rasime tai, ko jums reikia!<\/strong><\/p>\n\n\n\n<div class=\"wp-block-buttons alignwide is-content-justification-center is-layout-flex wp-container-core-buttons-is-layout-16018d1d wp-block-buttons-is-layout-flex\">\n<div class=\"wp-block-button\"><a class=\"wp-block-button__link wp-element-button\" href=\"http:\/\/+37060365493\">+37060365493<\/a><\/div>\n\n\n\n<div class=\"wp-block-button\"><a class=\"wp-block-button__link wp-element-button\" href=\"https:\/\/www.facebook.com\/aumipadangos\/\">FACEBOOK<\/a><\/div>\n\n\n\n<div class=\"wp-block-button\"><a class=\"wp-block-button__link wp-element-button\" href=\"mailto:aumipadangos@gmail.com\">aumipadangos@gmail.com<\/a><\/div>\n<\/div>\n\n\n\n<h2 class=\"wp-block-heading\">Superkame lietus ratlankius<\/h2>\n\n\n\n<p>Paliekant senus ratlankius galime pritaikyti nuolaid\u0105 perkant kitus naujus (derinama individualiai).<\/p>\n\n\n\n<figure class=\"wp-block-image size-large\"><img loading=\"lazy\" decoding=\"async\" width=\"1024\" height=\"576\" src=\"https:\/\/aumi.lt\/wp-content\/uploads\/2023\/01\/6B44D8D1-32A5-4CA7-93E3-D85002A109F5-1024x576.jpeg\" alt=\"\" class=\"wp-image-322\" srcset=\"https:\/\/aumi.lt\/wp-content\/uploads\/2023\/01\/6B44D8D1-32A5-4CA7-93E3-D85002A109F5-1024x576.jpeg 1024w, https:\/\/aumi.lt\/wp-content\/uploads\/2023\/01\/6B44D8D1-32A5-4CA7-93E3-D85002A109F5-300x169.jpeg 300w, https:\/\/aumi.lt\/wp-content\/uploads\/2023\/01\/6B44D8D1-32A5-4CA7-93E3-D85002A109F5-768x432.jpeg 768w, https:\/\/aumi.lt\/wp-content\/uploads\/2023\/01\/6B44D8D1-32A5-4CA7-93E3-D85002A109F5-1536x864.jpeg 1536w, https:\/\/aumi.lt\/wp-content\/uploads\/2023\/01\/6B44D8D1-32A5-4CA7-93E3-D85002A109F5-2048x1152.jpeg 2048w, https:\/\/aumi.lt\/wp-content\/uploads\/2023\/01\/6B44D8D1-32A5-4CA7-93E3-D85002A109F5-1200x675.jpeg 1200w, https:\/\/aumi.lt\/wp-content\/uploads\/2023\/01\/6B44D8D1-32A5-4CA7-93E3-D85002A109F5-1980x1114.jpeg 1980w\" sizes=\"auto, (max-width: 1024px) 100vw, 1024px\" \/><\/figure>\n\n\n<div class=\"wp-block-image\">\n<figure class=\"aligncenter size-large\"><img loading=\"lazy\" decoding=\"async\" width=\"1024\" height=\"576\" src=\"https:\/\/aumi.lt\/wp-content\/uploads\/2023\/01\/D57A0D47-D1E0-4DDB-A684-62312EBE44F7-1024x576.jpeg\" alt=\"\" class=\"wp-image-324\" srcset=\"https:\/\/aumi.lt\/wp-content\/uploads\/2023\/01\/D57A0D47-D1E0-4DDB-A684-62312EBE44F7-1024x576.jpeg 1024w, https:\/\/aumi.lt\/wp-content\/uploads\/2023\/01\/D57A0D47-D1E0-4DDB-A684-62312EBE44F7-300x169.jpeg 300w, https:\/\/aumi.lt\/wp-content\/uploads\/2023\/01\/D57A0D47-D1E0-4DDB-A684-62312EBE44F7-768x432.jpeg 768w, https:\/\/aumi.lt\/wp-content\/uploads\/2023\/01\/D57A0D47-D1E0-4DDB-A684-62312EBE44F7-1536x864.jpeg 1536w, https:\/\/aumi.lt\/wp-content\/uploads\/2023\/01\/D57A0D47-D1E0-4DDB-A684-62312EBE44F7-2048x1152.jpeg 2048w, https:\/\/aumi.lt\/wp-content\/uploads\/2023\/01\/D57A0D47-D1E0-4DDB-A684-62312EBE44F7-1200x675.jpeg 1200w, https:\/\/aumi.lt\/wp-content\/uploads\/2023\/01\/D57A0D47-D1E0-4DDB-A684-62312EBE44F7-1980x1114.jpeg 1980w\" sizes=\"auto, (max-width: 1024px) 100vw, 1024px\" \/><\/figure>\n<\/div>\n\n<div class=\"wp-block-image\">\n<figure class=\"aligncenter size-large\"><img loading=\"lazy\" decoding=\"async\" width=\"1024\" height=\"576\" src=\"https:\/\/aumi.lt\/wp-content\/uploads\/2023\/01\/D15A242C-7BB2-46FA-92C7-90F70528A4A5-1024x576.jpeg\" alt=\"\" class=\"wp-image-325\" srcset=\"https:\/\/aumi.lt\/wp-content\/uploads\/2023\/01\/D15A242C-7BB2-46FA-92C7-90F70528A4A5-1024x576.jpeg 1024w, https:\/\/aumi.lt\/wp-content\/uploads\/2023\/01\/D15A242C-7BB2-46FA-92C7-90F70528A4A5-300x169.jpeg 300w, https:\/\/aumi.lt\/wp-content\/uploads\/2023\/01\/D15A242C-7BB2-46FA-92C7-90F70528A4A5-768x432.jpeg 768w, https:\/\/aumi.lt\/wp-content\/uploads\/2023\/01\/D15A242C-7BB2-46FA-92C7-90F70528A4A5-1536x864.jpeg 1536w, https:\/\/aumi.lt\/wp-content\/uploads\/2023\/01\/D15A242C-7BB2-46FA-92C7-90F70528A4A5-2048x1152.jpeg 2048w, https:\/\/aumi.lt\/wp-content\/uploads\/2023\/01\/D15A242C-7BB2-46FA-92C7-90F70528A4A5-1200x675.jpeg 1200w, https:\/\/aumi.lt\/wp-content\/uploads\/2023\/01\/D15A242C-7BB2-46FA-92C7-90F70528A4A5-1980x1113.jpeg 1980w\" sizes=\"auto, (max-width: 1024px) 100vw, 1024px\" \/><\/figure>\n<\/div>\n\n<div class=\"wp-block-image\">\n<figure class=\"aligncenter size-large\"><img loading=\"lazy\" decoding=\"async\" width=\"1024\" height=\"576\" src=\"https:\/\/aumi.lt\/wp-content\/uploads\/2023\/01\/DBF349AE-EF3A-431C-BAE3-880FEC65939C-1024x576.jpeg\" alt=\"\" class=\"wp-image-326\" srcset=\"https:\/\/aumi.lt\/wp-content\/uploads\/2023\/01\/DBF349AE-EF3A-431C-BAE3-880FEC65939C-1024x576.jpeg 1024w, https:\/\/aumi.lt\/wp-content\/uploads\/2023\/01\/DBF349AE-EF3A-431C-BAE3-880FEC65939C-300x169.jpeg 300w, https:\/\/aumi.lt\/wp-content\/uploads\/2023\/01\/DBF349AE-EF3A-431C-BAE3-880FEC65939C-768x432.jpeg 768w, https:\/\/aumi.lt\/wp-content\/uploads\/2023\/01\/DBF349AE-EF3A-431C-BAE3-880FEC65939C-1536x864.jpeg 1536w, https:\/\/aumi.lt\/wp-content\/uploads\/2023\/01\/DBF349AE-EF3A-431C-BAE3-880FEC65939C-2048x1152.jpeg 2048w, https:\/\/aumi.lt\/wp-content\/uploads\/2023\/01\/DBF349AE-EF3A-431C-BAE3-880FEC65939C-1200x675.jpeg 1200w, https:\/\/aumi.lt\/wp-content\/uploads\/2023\/01\/DBF349AE-EF3A-431C-BAE3-880FEC65939C-1980x1114.jpeg 1980w\" sizes=\"auto, (max-width: 1024px) 100vw, 1024px\" \/><\/figure>\n<\/div>\n\n<div class=\"wp-block-image\">\n<figure class=\"aligncenter size-large\"><img loading=\"lazy\" decoding=\"async\" width=\"1024\" height=\"576\" src=\"https:\/\/aumi.lt\/wp-content\/uploads\/2023\/01\/F32DFCAA-3A28-454C-A108-D17883589C8E-1024x576.jpeg\" alt=\"\" class=\"wp-image-327\" srcset=\"https:\/\/aumi.lt\/wp-content\/uploads\/2023\/01\/F32DFCAA-3A28-454C-A108-D17883589C8E-1024x576.jpeg 1024w, https:\/\/aumi.lt\/wp-content\/uploads\/2023\/01\/F32DFCAA-3A28-454C-A108-D17883589C8E-300x169.jpeg 300w, https:\/\/aumi.lt\/wp-content\/uploads\/2023\/01\/F32DFCAA-3A28-454C-A108-D17883589C8E-768x432.jpeg 768w, https:\/\/aumi.lt\/wp-content\/uploads\/2023\/01\/F32DFCAA-3A28-454C-A108-D17883589C8E-1536x864.jpeg 1536w, https:\/\/aumi.lt\/wp-content\/uploads\/2023\/01\/F32DFCAA-3A28-454C-A108-D17883589C8E-2048x1152.jpeg 2048w, https:\/\/aumi.lt\/wp-content\/uploads\/2023\/01\/F32DFCAA-3A28-454C-A108-D17883589C8E-1200x675.jpeg 1200w, https:\/\/aumi.lt\/wp-content\/uploads\/2023\/01\/F32DFCAA-3A28-454C-A108-D17883589C8E-1980x1114.jpeg 1980w\" sizes=\"auto, (max-width: 1024px) 100vw, 1024px\" \/><\/figure>\n<\/div>\n\n<div class=\"wp-block-image\">\n<figure class=\"aligncenter size-large\"><img loading=\"lazy\" decoding=\"async\" width=\"1024\" height=\"576\" src=\"https:\/\/aumi.lt\/wp-content\/uploads\/2023\/01\/C2D4C91B-0095-4EB5-98ED-EE10452457F4-1024x576.jpeg\" alt=\"\" class=\"wp-image-328\" srcset=\"https:\/\/aumi.lt\/wp-content\/uploads\/2023\/01\/C2D4C91B-0095-4EB5-98ED-EE10452457F4-1024x576.jpeg 1024w, https:\/\/aumi.lt\/wp-content\/uploads\/2023\/01\/C2D4C91B-0095-4EB5-98ED-EE10452457F4-300x169.jpeg 300w, https:\/\/aumi.lt\/wp-content\/uploads\/2023\/01\/C2D4C91B-0095-4EB5-98ED-EE10452457F4-768x432.jpeg 768w, https:\/\/aumi.lt\/wp-content\/uploads\/2023\/01\/C2D4C91B-0095-4EB5-98ED-EE10452457F4-1536x864.jpeg 1536w, https:\/\/aumi.lt\/wp-content\/uploads\/2023\/01\/C2D4C91B-0095-4EB5-98ED-EE10452457F4-2048x1152.jpeg 2048w, https:\/\/aumi.lt\/wp-content\/uploads\/2023\/01\/C2D4C91B-0095-4EB5-98ED-EE10452457F4-1200x675.jpeg 1200w, https:\/\/aumi.lt\/wp-content\/uploads\/2023\/01\/C2D4C91B-0095-4EB5-98ED-EE10452457F4-1980x1114.jpeg 1980w\" sizes=\"auto, (max-width: 1024px) 100vw, 1024px\" \/><\/figure>\n<\/div>\n\n<div class=\"wp-block-image\">\n<figure class=\"aligncenter size-large\"><img loading=\"lazy\" decoding=\"async\" width=\"1024\" height=\"576\" src=\"https:\/\/aumi.lt\/wp-content\/uploads\/2023\/01\/E49AF37D-410E-487E-A9EF-2DD732DE26D0-1024x576.jpeg\" alt=\"\" class=\"wp-image-329\" srcset=\"https:\/\/aumi.lt\/wp-content\/uploads\/2023\/01\/E49AF37D-410E-487E-A9EF-2DD732DE26D0-1024x576.jpeg 1024w, https:\/\/aumi.lt\/wp-content\/uploads\/2023\/01\/E49AF37D-410E-487E-A9EF-2DD732DE26D0-300x169.jpeg 300w, https:\/\/aumi.lt\/wp-content\/uploads\/2023\/01\/E49AF37D-410E-487E-A9EF-2DD732DE26D0-768x432.jpeg 768w, https:\/\/aumi.lt\/wp-content\/uploads\/2023\/01\/E49AF37D-410E-487E-A9EF-2DD732DE26D0-1536x864.jpeg 1536w, https:\/\/aumi.lt\/wp-content\/uploads\/2023\/01\/E49AF37D-410E-487E-A9EF-2DD732DE26D0-2048x1152.jpeg 2048w, https:\/\/aumi.lt\/wp-content\/uploads\/2023\/01\/E49AF37D-410E-487E-A9EF-2DD732DE26D0-1200x675.jpeg 1200w, https:\/\/aumi.lt\/wp-content\/uploads\/2023\/01\/E49AF37D-410E-487E-A9EF-2DD732DE26D0-1980x1114.jpeg 1980w\" sizes=\"auto, (max-width: 1024px) 100vw, 1024px\" \/><\/figure>\n<\/div>","protected":false},"excerpt":{"rendered":"<p>Turime didel\u012f nauj\u0173 ir naudot\u0173 padang\u0173 asortiment\u0105! M\u016bs\u0173 prek\u0117s: Taip pat si\u016blome ratlanki\u0173 paie\u0161kos paslaug\u0105 Jeigu ie\u0161kote nauj\u0173 ar naudot\u0173 ratlanki\u0173 savo automobiliui, bet sunku rasti tinkam\u0105 model\u012f, dyd\u012f ar dizain\u0105, mes galime pad\u0117ti! Kaip \u0161i ratlanki\u0173 paie\u0161kos paslauga veikia: 1. J\u016bs susisiekiate ir pateikiate savo pageidavimus &#8211; ratlanki\u0173 dydis, tipas (lengvojo lydinio, plieniniai \u0161tampuoti, [&hellip;]<\/p>\n","protected":false},"author":3,"featured_media":0,"parent":0,"menu_order":0,"comment_status":"closed","ping_status":"closed","template":"","meta":{"om_disable_all_campaigns":false,"_monsterinsights_skip_tracking":false,"_monsterinsights_sitenote_active":false,"_monsterinsights_sitenote_note":"","_monsterinsights_sitenote_category":0,"footnotes":""},"class_list":["post-226","page","type-page","status-publish","hentry"],"aioseo_notices":[],"_links":{"self":[{"href":"https:\/\/aumi.lt\/index.php\/wp-json\/wp\/v2\/pages\/226","targetHints":{"allow":["GET"]}}],"collection":[{"href":"https:\/\/aumi.lt\/index.php\/wp-json\/wp\/v2\/pages"}],"about":[{"href":"https:\/\/aumi.lt\/index.php\/wp-json\/wp\/v2\/types\/page"}],"author":[{"embeddable":true,"href":"https:\/\/aumi.lt\/index.php\/wp-json\/wp\/v2\/users\/3"}],"replies":[{"embeddable":true,"href":"https:\/\/aumi.lt\/index.php\/wp-json\/wp\/v2\/comments?post=226"}],"version-history":[{"count":19,"href":"https:\/\/aumi.lt\/index.php\/wp-json\/wp\/v2\/pages\/226\/revisions"}],"predecessor-version":[{"id":1250,"href":"https:\/\/aumi.lt\/index.php\/wp-json\/wp\/v2\/pages\/226\/revisions\/1250"}],"wp:attachment":[{"href":"https:\/\/aumi.lt\/index.php\/wp-json\/wp\/v2\/media?parent=226"}],"curies":[{"name":"wp","href":"https:\/\/api.w.org\/{rel}","templated":true}]}}