{"id":1321,"date":"2026-03-19T11:55:37","date_gmt":"2026-03-19T09:55:37","guid":{"rendered":"https:\/\/aumi.lt\/?page_id=1321"},"modified":"2026-03-19T13:23:53","modified_gmt":"2026-03-19T11:23:53","slug":"naujos-padangos","status":"publish","type":"page","link":"https:\/\/aumi.lt\/index.php\/naujos-padangos\/","title":{"rendered":"Naujos padangos"},"content":{"rendered":"\n<h4 class=\"wp-block-heading\">Platus padang\u0173 pasirinkimas kiekvienam klientui<\/h4>\n\n\n\n<p>Kiekvienas vairuotojas turi skirtingus poreikius &#8211; skiriasi vairavimo stilius, automobilis ir biud\u017eetas. Tod\u0117l mes galime pasi\u016blyti ne vieno, o <strong>daugelio gamintoj\u0173 padangas.<\/strong><\/p>\n\n\n\n<div class=\"wp-block-group\"><div class=\"wp-block-group__inner-container is-layout-constrained wp-block-group-is-layout-constrained\">\n<p><strong>Kod\u0117l verta rinktis mus?<\/strong><\/p>\n\n\n\n<p> <strong> \u2022 Platus pasirinkimas:<\/strong> vasarin\u0117s, \u017eiemin\u0117s ir visasezonin\u0117s padangos. <\/p>\n\n\n\n<p> <strong> \u2022 \u012evair\u016bs gamintojai:<\/strong> nuo premium iki ekonomin\u0117s klas\u0117s &#8211; J\u016bs\u0173 poreikiams.<\/p>\n\n\n\n<p>  <strong>\u2022 Profesional\u016bs patarimai:<\/strong> pad\u0117sime i\u0161sirinkti geriausias padangas b\u016btent J\u016bs\u0173 automobiliui.<\/p>\n<\/div><\/div>\n\n\n\n<h4 class=\"wp-block-heading has-text-align-center\">Pagrindiniai padang\u0173 gamintojai:<\/h4>\n\n\n\n<figure class=\"wp-block-gallery alignwide has-nested-images columns-default is-cropped wp-block-gallery-1 is-layout-flex wp-block-gallery-is-layout-flex\">\n<figure class=\"wp-block-image size-large\"><img loading=\"lazy\" decoding=\"async\" width=\"148\" height=\"148\" data-id=\"1343\" src=\"https:\/\/aumi.lt\/wp-content\/uploads\/2026\/03\/IMG_4227.png\" alt=\"\" class=\"wp-image-1343\"\/><\/figure>\n\n\n\n<figure class=\"wp-block-image size-large\"><img loading=\"lazy\" decoding=\"async\" width=\"400\" height=\"400\" data-id=\"1344\" src=\"https:\/\/aumi.lt\/wp-content\/uploads\/2026\/03\/IMG_4228.png\" alt=\"\" class=\"wp-image-1344\" srcset=\"https:\/\/aumi.lt\/wp-content\/uploads\/2026\/03\/IMG_4228.png 400w, https:\/\/aumi.lt\/wp-content\/uploads\/2026\/03\/IMG_4228-300x300.png 300w, https:\/\/aumi.lt\/wp-content\/uploads\/2026\/03\/IMG_4228-150x150.png 150w\" sizes=\"auto, (max-width: 400px) 100vw, 400px\" \/><\/figure>\n\n\n\n<figure class=\"wp-block-image size-large\"><img loading=\"lazy\" decoding=\"async\" width=\"192\" height=\"192\" data-id=\"1329\" src=\"https:\/\/aumi.lt\/wp-content\/uploads\/2026\/03\/IMG_4214.png\" alt=\"\" class=\"wp-image-1329\" srcset=\"https:\/\/aumi.lt\/wp-content\/uploads\/2026\/03\/IMG_4214.png 192w, https:\/\/aumi.lt\/wp-content\/uploads\/2026\/03\/IMG_4214-150x150.png 150w\" sizes=\"auto, (max-width: 192px) 100vw, 192px\" \/><\/figure>\n\n\n\n<figure class=\"wp-block-image size-large\"><img loading=\"lazy\" decoding=\"async\" width=\"1024\" height=\"576\" data-id=\"1332\" src=\"https:\/\/aumi.lt\/wp-content\/uploads\/2026\/03\/IMG_4215-1024x576.png\" alt=\"\" class=\"wp-image-1332\" srcset=\"https:\/\/aumi.lt\/wp-content\/uploads\/2026\/03\/IMG_4215-1024x576.png 1024w, https:\/\/aumi.lt\/wp-content\/uploads\/2026\/03\/IMG_4215-300x169.png 300w, https:\/\/aumi.lt\/wp-content\/uploads\/2026\/03\/IMG_4215-768x432.png 768w, https:\/\/aumi.lt\/wp-content\/uploads\/2026\/03\/IMG_4215-1536x864.png 1536w, https:\/\/aumi.lt\/wp-content\/uploads\/2026\/03\/IMG_4215-2048x1152.png 2048w, https:\/\/aumi.lt\/wp-content\/uploads\/2026\/03\/IMG_4215-1200x675.png 1200w, https:\/\/aumi.lt\/wp-content\/uploads\/2026\/03\/IMG_4215-1980x1114.png 1980w\" sizes=\"auto, (max-width: 1024px) 100vw, 1024px\" \/><\/figure>\n\n\n\n<figure class=\"wp-block-image size-large\"><img loading=\"lazy\" decoding=\"async\" width=\"1024\" height=\"576\" data-id=\"1345\" src=\"https:\/\/aumi.lt\/wp-content\/uploads\/2026\/03\/IMG_4229-1024x576.png\" alt=\"\" class=\"wp-image-1345\" srcset=\"https:\/\/aumi.lt\/wp-content\/uploads\/2026\/03\/IMG_4229-1024x576.png 1024w, https:\/\/aumi.lt\/wp-content\/uploads\/2026\/03\/IMG_4229-300x169.png 300w, https:\/\/aumi.lt\/wp-content\/uploads\/2026\/03\/IMG_4229-768x432.png 768w, https:\/\/aumi.lt\/wp-content\/uploads\/2026\/03\/IMG_4229-1536x864.png 1536w, https:\/\/aumi.lt\/wp-content\/uploads\/2026\/03\/IMG_4229-2048x1152.png 2048w, https:\/\/aumi.lt\/wp-content\/uploads\/2026\/03\/IMG_4229-1200x675.png 1200w, https:\/\/aumi.lt\/wp-content\/uploads\/2026\/03\/IMG_4229-1980x1114.png 1980w\" sizes=\"auto, (max-width: 1024px) 100vw, 1024px\" \/><\/figure>\n\n\n\n<figure class=\"wp-block-image size-large\"><img loading=\"lazy\" decoding=\"async\" width=\"400\" height=\"222\" data-id=\"1331\" src=\"https:\/\/aumi.lt\/wp-content\/uploads\/2026\/03\/IMG_4217.png\" alt=\"\" class=\"wp-image-1331\" srcset=\"https:\/\/aumi.lt\/wp-content\/uploads\/2026\/03\/IMG_4217.png 400w, https:\/\/aumi.lt\/wp-content\/uploads\/2026\/03\/IMG_4217-300x167.png 300w\" sizes=\"auto, (max-width: 400px) 100vw, 400px\" \/><\/figure>\n\n\n\n<figure class=\"wp-block-image size-large\"><img loading=\"lazy\" decoding=\"async\" width=\"800\" height=\"800\" data-id=\"1349\" src=\"https:\/\/aumi.lt\/wp-content\/uploads\/2026\/03\/IMG_4234.png\" alt=\"\" class=\"wp-image-1349\" srcset=\"https:\/\/aumi.lt\/wp-content\/uploads\/2026\/03\/IMG_4234.png 800w, https:\/\/aumi.lt\/wp-content\/uploads\/2026\/03\/IMG_4234-300x300.png 300w, https:\/\/aumi.lt\/wp-content\/uploads\/2026\/03\/IMG_4234-150x150.png 150w, https:\/\/aumi.lt\/wp-content\/uploads\/2026\/03\/IMG_4234-768x768.png 768w\" sizes=\"auto, (max-width: 800px) 100vw, 800px\" \/><\/figure>\n\n\n\n<figure class=\"wp-block-image size-large\"><img loading=\"lazy\" decoding=\"async\" width=\"600\" height=\"600\" data-id=\"1347\" src=\"https:\/\/aumi.lt\/wp-content\/uploads\/2026\/03\/IMG_4231.png\" alt=\"\" class=\"wp-image-1347\" srcset=\"https:\/\/aumi.lt\/wp-content\/uploads\/2026\/03\/IMG_4231.png 600w, https:\/\/aumi.lt\/wp-content\/uploads\/2026\/03\/IMG_4231-300x300.png 300w, https:\/\/aumi.lt\/wp-content\/uploads\/2026\/03\/IMG_4231-150x150.png 150w\" sizes=\"auto, (max-width: 600px) 100vw, 600px\" \/><\/figure>\n\n\n\n<figure class=\"wp-block-image size-large\"><img loading=\"lazy\" decoding=\"async\" width=\"400\" height=\"400\" data-id=\"1348\" src=\"https:\/\/aumi.lt\/wp-content\/uploads\/2026\/03\/IMG_4233.png\" alt=\"\" class=\"wp-image-1348\" srcset=\"https:\/\/aumi.lt\/wp-content\/uploads\/2026\/03\/IMG_4233.png 400w, https:\/\/aumi.lt\/wp-content\/uploads\/2026\/03\/IMG_4233-300x300.png 300w, https:\/\/aumi.lt\/wp-content\/uploads\/2026\/03\/IMG_4233-150x150.png 150w\" sizes=\"auto, (max-width: 400px) 100vw, 400px\" \/><\/figure>\n\n\n\n<figure class=\"wp-block-image size-large\"><img loading=\"lazy\" decoding=\"async\" width=\"400\" height=\"400\" data-id=\"1341\" src=\"https:\/\/aumi.lt\/wp-content\/uploads\/2026\/03\/IMG_4221.png\" alt=\"\" class=\"wp-image-1341\" srcset=\"https:\/\/aumi.lt\/wp-content\/uploads\/2026\/03\/IMG_4221.png 400w, https:\/\/aumi.lt\/wp-content\/uploads\/2026\/03\/IMG_4221-300x300.png 300w, https:\/\/aumi.lt\/wp-content\/uploads\/2026\/03\/IMG_4221-150x150.png 150w\" sizes=\"auto, (max-width: 400px) 100vw, 400px\" \/><\/figure>\n\n\n\n<figure class=\"wp-block-image size-large\"><img loading=\"lazy\" decoding=\"async\" width=\"400\" height=\"400\" data-id=\"1350\" src=\"https:\/\/aumi.lt\/wp-content\/uploads\/2026\/03\/IMG_4235.png\" alt=\"\" class=\"wp-image-1350\" srcset=\"https:\/\/aumi.lt\/wp-content\/uploads\/2026\/03\/IMG_4235.png 400w, https:\/\/aumi.lt\/wp-content\/uploads\/2026\/03\/IMG_4235-300x300.png 300w, https:\/\/aumi.lt\/wp-content\/uploads\/2026\/03\/IMG_4235-150x150.png 150w\" sizes=\"auto, (max-width: 400px) 100vw, 400px\" \/><\/figure>\n\n\n\n<figure class=\"wp-block-image size-large\"><img loading=\"lazy\" decoding=\"async\" width=\"800\" height=\"800\" data-id=\"1351\" src=\"https:\/\/aumi.lt\/wp-content\/uploads\/2026\/03\/IMG_4236.png\" alt=\"\" class=\"wp-image-1351\" srcset=\"https:\/\/aumi.lt\/wp-content\/uploads\/2026\/03\/IMG_4236.png 800w, https:\/\/aumi.lt\/wp-content\/uploads\/2026\/03\/IMG_4236-300x300.png 300w, https:\/\/aumi.lt\/wp-content\/uploads\/2026\/03\/IMG_4236-150x150.png 150w, https:\/\/aumi.lt\/wp-content\/uploads\/2026\/03\/IMG_4236-768x768.png 768w\" sizes=\"auto, (max-width: 800px) 100vw, 800px\" \/><\/figure>\n\n\n\n<figure class=\"wp-block-image size-large\"><img loading=\"lazy\" decoding=\"async\" width=\"855\" height=\"855\" data-id=\"1340\" src=\"https:\/\/aumi.lt\/wp-content\/uploads\/2026\/03\/IMG_4224.jpeg\" alt=\"\" class=\"wp-image-1340\" srcset=\"https:\/\/aumi.lt\/wp-content\/uploads\/2026\/03\/IMG_4224.jpeg 855w, https:\/\/aumi.lt\/wp-content\/uploads\/2026\/03\/IMG_4224-300x300.jpeg 300w, https:\/\/aumi.lt\/wp-content\/uploads\/2026\/03\/IMG_4224-150x150.jpeg 150w, https:\/\/aumi.lt\/wp-content\/uploads\/2026\/03\/IMG_4224-768x768.jpeg 768w\" sizes=\"auto, (max-width: 855px) 100vw, 855px\" \/><\/figure>\n\n\n\n<figure class=\"wp-block-image size-large\"><img loading=\"lazy\" decoding=\"async\" width=\"1024\" height=\"1024\" data-id=\"1333\" src=\"https:\/\/aumi.lt\/wp-content\/uploads\/2026\/03\/IMG_4225-1024x1024.png\" alt=\"\" class=\"wp-image-1333\" srcset=\"https:\/\/aumi.lt\/wp-content\/uploads\/2026\/03\/IMG_4225-1024x1024.png 1024w, https:\/\/aumi.lt\/wp-content\/uploads\/2026\/03\/IMG_4225-300x300.png 300w, https:\/\/aumi.lt\/wp-content\/uploads\/2026\/03\/IMG_4225-150x150.png 150w, https:\/\/aumi.lt\/wp-content\/uploads\/2026\/03\/IMG_4225-768x768.png 768w, https:\/\/aumi.lt\/wp-content\/uploads\/2026\/03\/IMG_4225-1536x1536.png 1536w, https:\/\/aumi.lt\/wp-content\/uploads\/2026\/03\/IMG_4225-2048x2048.png 2048w, https:\/\/aumi.lt\/wp-content\/uploads\/2026\/03\/IMG_4225-1200x1200.png 1200w, https:\/\/aumi.lt\/wp-content\/uploads\/2026\/03\/IMG_4225-1980x1980.png 1980w\" sizes=\"auto, (max-width: 1024px) 100vw, 1024px\" \/><\/figure>\n\n\n\n<figure class=\"wp-block-image size-large\"><img loading=\"lazy\" decoding=\"async\" width=\"200\" height=\"200\" data-id=\"1336\" src=\"https:\/\/aumi.lt\/wp-content\/uploads\/2026\/03\/IMG_4226.gif\" alt=\"\" class=\"wp-image-1336\"\/><\/figure>\n<\/figure>\n\n\n\n<p><strong>Premium klas\u0117s gamintojai (auk\u0161\u010diausia kokyb\u0117 ir inovacijos)<\/strong><\/p>\n\n\n\n<p>  <strong>\u2022 Michelin<\/strong> \u2013 Pranc\u016bzijos gamintojas, \u017einomas d\u0117l ilgaam\u017ei\u0161kumo, saugumo ir plataus asortimento lengviesiems automobiliams, SUV ir sunkiajai technikai.<\/p>\n\n\n\n<p>  <strong>\u2022 Continental<\/strong> \u2013 Vokietijos gigantas, vertinamas d\u0117l puikaus stabdymo ant \u0161lapios dangos ir auk\u0161t\u0173 technologij\u0173.<\/p>\n\n\n\n<p>  <strong>\u2022 Goodyear<\/strong> \u2013 Amerikos gamintojas, gars\u0117jantis inovacijos ir patikimomis padangomis.<\/p>\n\n\n\n<p>  <strong>\u2022 Bridgestone<\/strong> \u2013 Japonijos \u012fmon\u0117, viena did\u017eiausi\u0173 pasaulyje, orientuota \u012f kokyb\u0119 ir na\u0161um\u0105.<\/p>\n\n\n\n<p>  <strong>\u2022 Pirelli<\/strong> \u2013 Italijos gamintojas, stipriai orientuotas \u012f sportinius ir auk\u0161to na\u0161umo (UHP) automobilius.<\/p>\n\n\n\n<p>  <strong>\u2022 Dunlop<\/strong> \u2013 gars\u0117ja sportinio tipo padangomis.<\/p>\n\n\n\n<p><strong>Vidutin\u0117s klas\u0117s gamintojai (geras kainos ir kokyb\u0117s santykis)<\/strong><\/p>\n\n\n\n<p> <strong>\u2022 Hankook<\/strong>&nbsp;\u2013 Piet\u0173 Kor\u0117jos gamintojas, tap\u0119s vienu pagrindini\u0173 originalios \u012frangos (OE) tiek\u0117j\u0173 daugeliui nauj\u0173 automobili\u0173.<\/p>\n\n\n\n<p>  <strong>\u2022 Nokian Tyres<\/strong> \u2013 Suomi\u0173 gamintojas, specializuojasi \u017eiemin\u0117se ir \u0161iaur\u0117s s\u0105lygoms skirtose padangose.<\/p>\n\n\n\n<p>  \u2022 <strong>Fulda<\/strong> \u2013 Vokietijos prek\u0117s \u017eenklas, priklausantis \u201eGoodyear\u201c, \u017einomas d\u0117l patikimumo.<\/p>\n\n\n\n<p><strong>\u2022 Uniroyal<\/strong> \u2013 \u201eContinental\u201c grup\u0117s \u012fmon\u0117, \u017einoma kaip \u201elietaus padang\u0173\u201c specialist\u0117.<\/p>\n\n\n\n<p><strong>\u2022 Kumho<\/strong> ir <strong>Nexen<\/strong> \u2013 Kor\u0117jie\u010di\u0173 gamintojai, si\u016blantys modernias ir nebrangias padangas.<\/p>\n\n\n\n<p><strong>Biud\u017eetin\u0117s klas\u0117s gamintojai (pigios ir patikimos)<\/strong><\/p>\n\n\n\n<p><strong>\u2022 General Tire<\/strong> \u2013 \u201eContinental\u201c dukterin\u0117 \u012fmon\u0117, si\u016blanti patikimas padangas ma\u017eesniu biud\u017eetu.<\/p>\n\n\n\n<p><strong>\u2022 Barum<\/strong> \u2013 taip pat \u201eContinental\u201c grup\u0117s dalis, itin populiari d\u0117l paprastumo ir ma\u017eos kainos.<\/p>\n\n\n\n<p><strong>\u2022 Debica<\/strong> \u2013 \u201eGoodyear\u201c grup\u0117s \u012fmon\u0117.<\/p>\n\n\n\n<h4 class=\"wp-block-heading\"><strong>U\u017eklausa d\u0117l nauj\u0173 padang\u0173:<\/strong><\/h4>\n\n\n\n<p>+370 603 65493<\/p>\n\n\n\n<div class=\"wp-block-buttons is-layout-flex wp-block-buttons-is-layout-flex\">\n<div class=\"wp-block-button\"><a class=\"wp-block-button__link wp-element-button\" href=\"mailto:aumipadangos@gmail.com\">aumipadangos@gmail.com<\/a><\/div>\n<\/div>\n\n\n\n<p><\/p>\n","protected":false},"excerpt":{"rendered":"<p>Platus padang\u0173 pasirinkimas kiekvienam klientui Kiekvienas vairuotojas turi skirtingus poreikius &#8211; skiriasi vairavimo stilius, automobilis ir biud\u017eetas. Tod\u0117l mes galime pasi\u016blyti ne vieno, o daugelio gamintoj\u0173 padangas. Kod\u0117l verta rinktis mus? \u2022 Platus pasirinkimas: vasarin\u0117s, \u017eiemin\u0117s ir visasezonin\u0117s padangos. \u2022 \u012evair\u016bs gamintojai: nuo premium iki ekonomin\u0117s klas\u0117s &#8211; J\u016bs\u0173 poreikiams. \u2022 Profesional\u016bs patarimai: pad\u0117sime i\u0161sirinkti [&hellip;]<\/p>\n","protected":false},"author":3,"featured_media":0,"parent":0,"menu_order":0,"comment_status":"closed","ping_status":"closed","template":"","meta":{"om_disable_all_campaigns":false,"_monsterinsights_skip_tracking":false,"_monsterinsights_sitenote_active":false,"_monsterinsights_sitenote_note":"","_monsterinsights_sitenote_category":0,"footnotes":""},"class_list":["post-1321","page","type-page","status-publish","hentry"],"aioseo_notices":[],"_links":{"self":[{"href":"https:\/\/aumi.lt\/index.php\/wp-json\/wp\/v2\/pages\/1321","targetHints":{"allow":["GET"]}}],"collection":[{"href":"https:\/\/aumi.lt\/index.php\/wp-json\/wp\/v2\/pages"}],"about":[{"href":"https:\/\/aumi.lt\/index.php\/wp-json\/wp\/v2\/types\/page"}],"author":[{"embeddable":true,"href":"https:\/\/aumi.lt\/index.php\/wp-json\/wp\/v2\/users\/3"}],"replies":[{"embeddable":true,"href":"https:\/\/aumi.lt\/index.php\/wp-json\/wp\/v2\/comments?post=1321"}],"version-history":[{"count":11,"href":"https:\/\/aumi.lt\/index.php\/wp-json\/wp\/v2\/pages\/1321\/revisions"}],"predecessor-version":[{"id":1367,"href":"https:\/\/aumi.lt\/index.php\/wp-json\/wp\/v2\/pages\/1321\/revisions\/1367"}],"wp:attachment":[{"href":"https:\/\/aumi.lt\/index.php\/wp-json\/wp\/v2\/media?parent=1321"}],"curies":[{"name":"wp","href":"https:\/\/api.w.org\/{rel}","templated":true}]}}