{"id":1303,"date":"2025-11-24T15:22:14","date_gmt":"2025-11-24T13:22:14","guid":{"rendered":"https:\/\/aumi.lt\/?page_id=1303"},"modified":"2025-11-24T15:26:33","modified_gmt":"2025-11-24T13:26:33","slug":"naudinga-informacija","status":"publish","type":"page","link":"https:\/\/aumi.lt\/index.php\/naudinga-informacija\/","title":{"rendered":"Naudinga informacija"},"content":{"rendered":"\n<h2 class=\"wp-block-heading has-text-align-center\">D\u0117l koki\u0173 prie\u017eas\u010di\u0173 gali susid\u0117v\u0117ti padangos?<\/h2>\n\n\n\n<figure class=\"wp-block-image alignfull size-large\"><img loading=\"lazy\" decoding=\"async\" width=\"1024\" height=\"724\" src=\"https:\/\/aumi.lt\/wp-content\/uploads\/2025\/11\/Guide-1024x724.jpg\" alt=\"\" class=\"wp-image-1304\" srcset=\"https:\/\/aumi.lt\/wp-content\/uploads\/2025\/11\/Guide-1024x724.jpg 1024w, https:\/\/aumi.lt\/wp-content\/uploads\/2025\/11\/Guide-300x212.jpg 300w, https:\/\/aumi.lt\/wp-content\/uploads\/2025\/11\/Guide-768x543.jpg 768w, https:\/\/aumi.lt\/wp-content\/uploads\/2025\/11\/Guide.jpg 1191w\" sizes=\"auto, (max-width: 1024px) 100vw, 1024px\" \/><\/figure>\n","protected":false},"excerpt":{"rendered":"<p>D\u0117l koki\u0173 prie\u017eas\u010di\u0173 gali susid\u0117v\u0117ti padangos?<\/p>\n","protected":false},"author":3,"featured_media":0,"parent":0,"menu_order":0,"comment_status":"closed","ping_status":"closed","template":"","meta":{"om_disable_all_campaigns":false,"_monsterinsights_skip_tracking":false,"_monsterinsights_sitenote_active":false,"_monsterinsights_sitenote_note":"","_monsterinsights_sitenote_category":0,"footnotes":""},"class_list":["post-1303","page","type-page","status-publish","hentry"],"aioseo_notices":[],"_links":{"self":[{"href":"https:\/\/aumi.lt\/index.php\/wp-json\/wp\/v2\/pages\/1303","targetHints":{"allow":["GET"]}}],"collection":[{"href":"https:\/\/aumi.lt\/index.php\/wp-json\/wp\/v2\/pages"}],"about":[{"href":"https:\/\/aumi.lt\/index.php\/wp-json\/wp\/v2\/types\/page"}],"author":[{"embeddable":true,"href":"https:\/\/aumi.lt\/index.php\/wp-json\/wp\/v2\/users\/3"}],"replies":[{"embeddable":true,"href":"https:\/\/aumi.lt\/index.php\/wp-json\/wp\/v2\/comments?post=1303"}],"version-history":[{"count":4,"href":"https:\/\/aumi.lt\/index.php\/wp-json\/wp\/v2\/pages\/1303\/revisions"}],"predecessor-version":[{"id":1309,"href":"https:\/\/aumi.lt\/index.php\/wp-json\/wp\/v2\/pages\/1303\/revisions\/1309"}],"wp:attachment":[{"href":"https:\/\/aumi.lt\/index.php\/wp-json\/wp\/v2\/media?parent=1303"}],"curies":[{"name":"wp","href":"https:\/\/api.w.org\/{rel}","templated":true}]}}