{"id":1141,"date":"2025-06-09T13:46:38","date_gmt":"2025-06-09T11:46:38","guid":{"rendered":"https:\/\/aumi.lt\/?page_id=1141"},"modified":"2025-06-10T14:09:15","modified_gmt":"2025-06-10T12:09:15","slug":"driftui","status":"publish","type":"page","link":"https:\/\/aumi.lt\/index.php\/driftui\/","title":{"rendered":"Driftui"},"content":{"rendered":"\n<figure class=\"wp-block-gallery has-nested-images columns-default is-cropped wp-block-gallery-1 is-layout-flex wp-block-gallery-is-layout-flex\">\n<figure class=\"wp-block-image size-large\"><img loading=\"lazy\" decoding=\"async\" width=\"675\" height=\"900\" data-id=\"1145\" src=\"https:\/\/aumi.lt\/wp-content\/uploads\/2025\/06\/IMG_3939-1.jpeg\" alt=\"\" class=\"wp-image-1145\" srcset=\"https:\/\/aumi.lt\/wp-content\/uploads\/2025\/06\/IMG_3939-1.jpeg 675w, https:\/\/aumi.lt\/wp-content\/uploads\/2025\/06\/IMG_3939-1-225x300.jpeg 225w\" sizes=\"auto, (max-width: 675px) 100vw, 675px\" \/><\/figure>\n\n\n\n<figure class=\"wp-block-image size-large is-style-default\"><img loading=\"lazy\" decoding=\"async\" width=\"576\" height=\"1024\" data-id=\"1187\" src=\"https:\/\/aumi.lt\/wp-content\/uploads\/2025\/06\/IMG_3940-2-576x1024.jpeg\" alt=\"\" class=\"wp-image-1187\" srcset=\"https:\/\/aumi.lt\/wp-content\/uploads\/2025\/06\/IMG_3940-2-576x1024.jpeg 576w, https:\/\/aumi.lt\/wp-content\/uploads\/2025\/06\/IMG_3940-2-169x300.jpeg 169w, https:\/\/aumi.lt\/wp-content\/uploads\/2025\/06\/IMG_3940-2-768x1365.jpeg 768w, https:\/\/aumi.lt\/wp-content\/uploads\/2025\/06\/IMG_3940-2-864x1536.jpeg 864w, https:\/\/aumi.lt\/wp-content\/uploads\/2025\/06\/IMG_3940-2.jpeg 1080w\" sizes=\"auto, (max-width: 576px) 100vw, 576px\" \/><\/figure>\n<\/figure>\n\n\n\n<h2 class=\"wp-block-heading\">PROFIL XR01 vasarin\u0117s padangos<\/h2>\n\n\n\n<p><strong>Semi-slick sportin\u0117s padangos.<\/strong><\/p>\n\n\n\n<p>\u0160iomis padangomis va\u017eiuoja m\u016bs\u0173 semi-pro lygos drifto sportininkas.<\/p>\n\n\n\n<p>Padangos yra patvarios, nesilupa gabalais, tolygiai dyla, yra geras sukibimas, u\u017etenka daug va\u017eiavim\u0173 ~15\/20 (priklauso nuo automobilio galingumo, bei trasos dangos).<\/p>\n\n\n\n<div class=\"wp-block-group is-vertical is-layout-flex wp-container-core-group-is-layout-8cf370e7 wp-block-group-is-layout-flex\">\n<p><strong>Galimi i\u0161matavimai:<\/strong><\/p>\n\n\n\n<p>\u2022 <strong>R15 185\/55<\/strong><\/p>\n\n\n\n<p>\u2022 <strong>R17 205\/45<\/strong> (turime vietoje)<\/p>\n\n\n\n<p>\u2022 <strong>R17 225\/45<\/strong> (turime vietoje)<\/p>\n\n\n\n<p>\u2022 <strong>R17 215\/45<\/strong><\/p>\n\n\n\n<p>\u2022 <strong>R18 225\/40<\/strong><\/p>\n<\/div>\n\n\n\n<div class=\"wp-block-group is-vertical is-layout-flex wp-container-core-group-is-layout-8cf370e7 wp-block-group-is-layout-flex\">\n<p><strong>Galimi kietumai:<\/strong><\/p>\n\n\n\n<p>\u2022 kietas<\/p>\n\n\n\n<p>\u2022 vidutinis<\/p>\n\n\n\n<p>\u2022 mink\u0161tas<\/p>\n<\/div>\n\n\n\n<p>Galima va\u017eiuoti ir gatv\u0117mis, turi E \u017eym\u0117jim\u0105.<\/p>\n\n\n\n<p><strong>*Remiame drift\u0105, tod\u0117l u\u017esiklijuojant m\u016bs\u0173 lipduk\u0105 ant automobilio yra taikomos specialios nuolaidos padang\u0173 montavimui!<\/strong><\/p>\n","protected":false},"excerpt":{"rendered":"<p>PROFIL XR01 vasarin\u0117s padangos Semi-slick sportin\u0117s padangos. \u0160iomis padangomis va\u017eiuoja m\u016bs\u0173 semi-pro lygos drifto sportininkas. Padangos yra patvarios, nesilupa gabalais, tolygiai dyla, yra geras sukibimas, u\u017etenka daug va\u017eiavim\u0173 ~15\/20 (priklauso nuo automobilio galingumo, bei trasos dangos). Galimi i\u0161matavimai: \u2022 R15 185\/55 \u2022 R17 205\/45 (turime vietoje) \u2022 R17 225\/45 (turime vietoje) \u2022 R17 215\/45 \u2022 [&hellip;]<\/p>\n","protected":false},"author":3,"featured_media":0,"parent":0,"menu_order":0,"comment_status":"closed","ping_status":"closed","template":"","meta":{"om_disable_all_campaigns":false,"_monsterinsights_skip_tracking":false,"_monsterinsights_sitenote_active":false,"_monsterinsights_sitenote_note":"","_monsterinsights_sitenote_category":0,"footnotes":""},"class_list":["post-1141","page","type-page","status-publish","hentry"],"aioseo_notices":[],"_links":{"self":[{"href":"https:\/\/aumi.lt\/index.php\/wp-json\/wp\/v2\/pages\/1141","targetHints":{"allow":["GET"]}}],"collection":[{"href":"https:\/\/aumi.lt\/index.php\/wp-json\/wp\/v2\/pages"}],"about":[{"href":"https:\/\/aumi.lt\/index.php\/wp-json\/wp\/v2\/types\/page"}],"author":[{"embeddable":true,"href":"https:\/\/aumi.lt\/index.php\/wp-json\/wp\/v2\/users\/3"}],"replies":[{"embeddable":true,"href":"https:\/\/aumi.lt\/index.php\/wp-json\/wp\/v2\/comments?post=1141"}],"version-history":[{"count":3,"href":"https:\/\/aumi.lt\/index.php\/wp-json\/wp\/v2\/pages\/1141\/revisions"}],"predecessor-version":[{"id":1188,"href":"https:\/\/aumi.lt\/index.php\/wp-json\/wp\/v2\/pages\/1141\/revisions\/1188"}],"wp:attachment":[{"href":"https:\/\/aumi.lt\/index.php\/wp-json\/wp\/v2\/media?parent=1141"}],"curies":[{"name":"wp","href":"https:\/\/api.w.org\/{rel}","templated":true}]}}