{"id":1102,"date":"2025-02-27T15:29:25","date_gmt":"2025-02-27T13:29:25","guid":{"rendered":"https:\/\/aumi.lt\/?page_id=1102"},"modified":"2025-03-03T15:43:15","modified_gmt":"2025-03-03T13:43:15","slug":"tekinimas","status":"publish","type":"page","link":"https:\/\/aumi.lt\/index.php\/tekinimas\/","title":{"rendered":"Tekinimas"},"content":{"rendered":"<div class=\"wp-block-image\">\n<figure class=\"aligncenter size-large is-resized\"><img loading=\"lazy\" decoding=\"async\" width=\"768\" height=\"1024\" src=\"https:\/\/aumi.lt\/wp-content\/uploads\/2025\/02\/IMG_2052-768x1024.jpeg\" alt=\"\" class=\"wp-image-1103\" style=\"width:299px;height:auto\" srcset=\"https:\/\/aumi.lt\/wp-content\/uploads\/2025\/02\/IMG_2052-768x1024.jpeg 768w, https:\/\/aumi.lt\/wp-content\/uploads\/2025\/02\/IMG_2052-225x300.jpeg 225w, https:\/\/aumi.lt\/wp-content\/uploads\/2025\/02\/IMG_2052-1152x1536.jpeg 1152w, https:\/\/aumi.lt\/wp-content\/uploads\/2025\/02\/IMG_2052-1536x2048.jpeg 1536w, https:\/\/aumi.lt\/wp-content\/uploads\/2025\/02\/IMG_2052-1200x1600.jpeg 1200w, https:\/\/aumi.lt\/wp-content\/uploads\/2025\/02\/IMG_2052-1980x2640.jpeg 1980w, https:\/\/aumi.lt\/wp-content\/uploads\/2025\/02\/IMG_2052-scaled.jpeg 1920w\" sizes=\"auto, (max-width: 768px) 100vw, 768px\" \/><\/figure>\n<\/div>\n\n\n<p><strong>Ratlanki\u0173 centrin\u0117s skyl\u0117s tekinimas<\/strong><\/p>\n\n\n\n<figure class=\"wp-block-gallery aligncenter has-nested-images columns-default is-cropped wp-block-gallery-1 is-layout-flex wp-block-gallery-is-layout-flex\">\n<figure class=\"wp-block-image size-large\"><img loading=\"lazy\" decoding=\"async\" width=\"768\" height=\"1024\" data-id=\"1104\" src=\"https:\/\/aumi.lt\/wp-content\/uploads\/2025\/02\/IMG_2151-768x1024.jpeg\" alt=\"\" class=\"wp-image-1104\" srcset=\"https:\/\/aumi.lt\/wp-content\/uploads\/2025\/02\/IMG_2151-768x1024.jpeg 768w, https:\/\/aumi.lt\/wp-content\/uploads\/2025\/02\/IMG_2151-225x300.jpeg 225w, https:\/\/aumi.lt\/wp-content\/uploads\/2025\/02\/IMG_2151-1152x1536.jpeg 1152w, https:\/\/aumi.lt\/wp-content\/uploads\/2025\/02\/IMG_2151-1536x2048.jpeg 1536w, https:\/\/aumi.lt\/wp-content\/uploads\/2025\/02\/IMG_2151-1200x1600.jpeg 1200w, https:\/\/aumi.lt\/wp-content\/uploads\/2025\/02\/IMG_2151-1980x2640.jpeg 1980w, https:\/\/aumi.lt\/wp-content\/uploads\/2025\/02\/IMG_2151-scaled.jpeg 1920w\" sizes=\"auto, (max-width: 768px) 100vw, 768px\" \/><\/figure>\n\n\n\n<figure class=\"wp-block-image size-large\"><img loading=\"lazy\" decoding=\"async\" width=\"768\" height=\"1024\" data-id=\"1105\" src=\"https:\/\/aumi.lt\/wp-content\/uploads\/2025\/02\/IMG_2052-1-768x1024.jpeg\" alt=\"\" class=\"wp-image-1105\" srcset=\"https:\/\/aumi.lt\/wp-content\/uploads\/2025\/02\/IMG_2052-1-768x1024.jpeg 768w, https:\/\/aumi.lt\/wp-content\/uploads\/2025\/02\/IMG_2052-1-225x300.jpeg 225w, https:\/\/aumi.lt\/wp-content\/uploads\/2025\/02\/IMG_2052-1-1152x1536.jpeg 1152w, https:\/\/aumi.lt\/wp-content\/uploads\/2025\/02\/IMG_2052-1-1536x2048.jpeg 1536w, https:\/\/aumi.lt\/wp-content\/uploads\/2025\/02\/IMG_2052-1-1200x1600.jpeg 1200w, https:\/\/aumi.lt\/wp-content\/uploads\/2025\/02\/IMG_2052-1-1980x2640.jpeg 1980w, https:\/\/aumi.lt\/wp-content\/uploads\/2025\/02\/IMG_2052-1-scaled.jpeg 1920w\" sizes=\"auto, (max-width: 768px) 100vw, 768px\" \/><\/figure>\n<\/figure>\n\n\n\n<hr class=\"wp-block-separator has-alpha-channel-opacity is-style-default\"\/>\n\n\n<div class=\"wp-block-image\">\n<figure class=\"aligncenter size-large is-resized\"><img loading=\"lazy\" decoding=\"async\" width=\"1024\" height=\"768\" src=\"https:\/\/aumi.lt\/wp-content\/uploads\/2025\/02\/FullSizeRender-1024x768.jpeg\" alt=\"\" class=\"wp-image-1106\" style=\"width:440px;height:auto\" srcset=\"https:\/\/aumi.lt\/wp-content\/uploads\/2025\/02\/FullSizeRender-1024x768.jpeg 1024w, https:\/\/aumi.lt\/wp-content\/uploads\/2025\/02\/FullSizeRender-300x225.jpeg 300w, https:\/\/aumi.lt\/wp-content\/uploads\/2025\/02\/FullSizeRender-768x576.jpeg 768w, https:\/\/aumi.lt\/wp-content\/uploads\/2025\/02\/FullSizeRender-1536x1152.jpeg 1536w, https:\/\/aumi.lt\/wp-content\/uploads\/2025\/02\/FullSizeRender-2048x1536.jpeg 2048w, https:\/\/aumi.lt\/wp-content\/uploads\/2025\/02\/FullSizeRender-1200x900.jpeg 1200w, https:\/\/aumi.lt\/wp-content\/uploads\/2025\/02\/FullSizeRender-1980x1485.jpeg 1980w\" sizes=\"auto, (max-width: 1024px) 100vw, 1024px\" \/><\/figure>\n<\/div>\n\n\n<p><strong>Plok\u0161tum\u0173 tekinimas<\/strong><\/p>\n\n\n\n<p>Ratlanki\u0173 i\u0161ne\u0161imo korektori\u0173 \u201erastafki\u0173\u201d dyd\u017eio koreagavimas.<\/p>\n\n\n\n<p>Ratlanki\u0173 (IS), (ET) koreagavimas \u012f didesn\u0119 pus\u0119 tekinant plok\u0161tum\u0105.<\/p>\n\n\n\n<p><\/p>\n","protected":false},"excerpt":{"rendered":"<p>Ratlanki\u0173 centrin\u0117s skyl\u0117s tekinimas Plok\u0161tum\u0173 tekinimas Ratlanki\u0173 i\u0161ne\u0161imo korektori\u0173 \u201erastafki\u0173\u201d dyd\u017eio koreagavimas. Ratlanki\u0173 (IS), (ET) koreagavimas \u012f didesn\u0119 pus\u0119 tekinant plok\u0161tum\u0105.<\/p>\n","protected":false},"author":3,"featured_media":0,"parent":0,"menu_order":0,"comment_status":"closed","ping_status":"closed","template":"","meta":{"om_disable_all_campaigns":false,"_monsterinsights_skip_tracking":false,"_monsterinsights_sitenote_active":false,"_monsterinsights_sitenote_note":"","_monsterinsights_sitenote_category":0,"footnotes":""},"class_list":["post-1102","page","type-page","status-publish","hentry"],"aioseo_notices":[],"_links":{"self":[{"href":"https:\/\/aumi.lt\/index.php\/wp-json\/wp\/v2\/pages\/1102","targetHints":{"allow":["GET"]}}],"collection":[{"href":"https:\/\/aumi.lt\/index.php\/wp-json\/wp\/v2\/pages"}],"about":[{"href":"https:\/\/aumi.lt\/index.php\/wp-json\/wp\/v2\/types\/page"}],"author":[{"embeddable":true,"href":"https:\/\/aumi.lt\/index.php\/wp-json\/wp\/v2\/users\/3"}],"replies":[{"embeddable":true,"href":"https:\/\/aumi.lt\/index.php\/wp-json\/wp\/v2\/comments?post=1102"}],"version-history":[{"count":2,"href":"https:\/\/aumi.lt\/index.php\/wp-json\/wp\/v2\/pages\/1102\/revisions"}],"predecessor-version":[{"id":1123,"href":"https:\/\/aumi.lt\/index.php\/wp-json\/wp\/v2\/pages\/1102\/revisions\/1123"}],"wp:attachment":[{"href":"https:\/\/aumi.lt\/index.php\/wp-json\/wp\/v2\/media?parent=1102"}],"curies":[{"name":"wp","href":"https:\/\/api.w.org\/{rel}","templated":true}]}}